{"id":33,"date":"2020-08-01T10:26:35","date_gmt":"2020-08-01T12:26:35","guid":{"rendered":"https:\/\/jomeida.com\/?page_id=33"},"modified":"2024-07-24T07:01:07","modified_gmt":"2024-07-24T09:01:07","slug":"kroviniu-gabenimo-paslaugos","status":"publish","type":"page","link":"https:\/\/jomeida.com\/lt\/kroviniu-gabenimo-paslaugos\/","title":{"rendered":"Kroviniu gabenimas autotransportu"},"content":{"rendered":"<p>[vc_row][vc_column css=&#8221;.vc_custom_1721200824410{margin-top: -50px !important;}&#8221; col_shadow=&#8221;box_shadow_enable:disable|shadow_horizontal:0|shadow_vertical:15|shadow_blur:50|shadow_spread:0|box_shadow_color:rgba(0%2C0%2C0%2C0.35)&#8221; col_shadow_hover=&#8221;box_shadow_enable:disable|shadow_horizontal:0|shadow_vertical:15|shadow_blur:50|shadow_spread:0|box_shadow_color:rgba(0%2C0%2C0%2C0.35)&#8221;]<div class=\"dfd-heading-shortcode\"><div class=\"dfd-heading-module-wrap  text-center style_01 dfd-heading-69e4f3102c52d dfd-disable-resposive-headings\" id=\"dfd-heading-69e4f3102c52d\" ><div class=\"inline-block\"><div class=\"dfd-heading-module\"><h1 class=\"widget-title dfd-title \" style=\"font-family:Open Sans; font-weight:600; font-style:normal; font-size: 42px; line-height: 57px; letter-spacing: 0.8px; \">Krovini\u0173 gabenimas Europoje<\/h1><div class=\"dfd-heading-delimiter\"><\/div><\/div><\/div><\/div><script type=\"text\/javascript\">\r\n\t\t\t\t\t\t\t\t\t(function($) {\r\n\t\t\t\t\t\t\t\t\t\t$(\"head\").append(\"<style>.dfd-heading-69e4f3102c52d.dfd-heading-module-wrap .dfd-heading-module .dfd-heading-delimiter {border-bottom-style:solid;border-bottom-width:1px;width:100px;border-bottom-color:#dddddd;}.dfd-heading-69e4f3102c52d .dfd-heading-module .widget-title {margin-top:16px;margin-bottom:16px;}.dfd-heading-69e4f3102c52d.dfd-heading-module-wrap .dfd-heading-module .dfd-heading-delimiter {margin-top:10px;margin-bottom:10px;}<\/style>\");\r\n\t\t\t\t\t\t\t\t\t})(jQuery);\r\n\t\t\t\t\t\t\t\t<\/script><\/div>[vc_column_text]\u201eJOMEIDA\u201c UAB nuosavais vilkikais su tentin\u0117mis puspriekab\u0117mis vykdo krovini\u0173 gabenimus EEE \u0161alyse. U\u017esakov\u0173 krovinius \u012fmon\u0117s autotransportas pristato \u012f skirtingas Europos \u0161alis. Geografija plati, mar\u0161rutai driekiasi nuo Norvegijos \u0161iaur\u0117s iki pat Italijos, Ispanijos \u017eemynin\u0117s dalies Europos pietuose.<\/p>\n<p>Bendrov\u0117 vadovaujasi ir did\u017eiuojasi savo strategin\u0117mis vertyb\u0117mis.<\/p>\n<ul>\n<li><strong>Darbuotojai.<\/strong> \u012emon\u0117je dirbantys \u017emon\u0117s yra m\u016bs\u0173 verslo pagrindas. Be j\u0173, mes neb\u016btume s\u0117kmingi.<\/li>\n<li><strong>Draugi\u0161kas klient\u0173 aptarnavimas.<\/strong> U\u017esakovams si\u016blome lanks\u010dias, konkurencingas auk\u0161tos kokyb\u0117s transporto ir logistikos paslaugas.<\/li>\n<li><strong>Savalaikis gabenam\u0173 krovini\u0173 pristatymas.<\/strong> Teikiam\u0173 paslaug\u0173 u\u017etikrinimas nuosav\u0173 vilkik\u0173 parko ir motyvuot\u0173 darbuotoj\u0173 simbioz\u0117.<\/li>\n<\/ul>\n<p>Gabenami kroviniai apdrausti tarptautin\u0117s kompanijos draudimu, kuris atitinka CMR konvencijos reikalavimus. Kiekvieno pakrovimo metu yra u\u017epildomas krovinio perve\u017eimo va\u017etara\u0161tis (CMR) \u2013 dokumentas patvirtinantis krovinio ve\u017eimo sutart\u012f, kadangi tarptautinis krovini\u0173 perve\u017eimas prasideda nuo tvarking\u0173 dokument\u0173. Remiantis CMR konvencija yra ribojama ve\u017e\u0117jo atsakomyb\u0117. Krovinio gabenim\u0105 organizuojanti \u012fmon\u0117 atsakinga 8,33 SDR u\u017e kg (SDR yra kintantis kursas, j\u012f rasite paspaud\u0119 <a href=\"https:\/\/www.imf.org\/external\/np\/fin\/data\/rms_five.aspx\"><strong>nuorod\u0105 \u010dia &gt;&gt;<\/strong> <\/a> ).<\/p>\n<p>Bendradarbiaujame su ekspedicin\u0117mis kompanijomis, teikian\u010diomis muitin\u0117s ir kitas pasienio proced\u016br\u0173 paslaugas.[\/vc_column_text][\/vc_column][\/vc_row][vc_row][vc_column][\/vc_column][\/vc_row][vc_row][vc_column][\/vc_column][\/vc_row][vc_row][vc_column][\/vc_column][\/vc_row]<\/p>\n","protected":false},"excerpt":{"rendered":"<p>[vc_row][vc_column css=&#8221;.vc_custom_1721200824410{margin-top: -50px !important;}&#8221; col_shadow=&#8221;box_shadow_enable:disable|shadow_horizontal:0|shadow_vertical:15|shadow_blur:50|shadow_spread:0|box_shadow_color:rgba(0%2C0%2C0%2C0.35)&#8221; col_shadow_hover=&#8221;box_shadow_enable:disable|shadow_horizontal:0|shadow_vertical:15|shadow_blur:50|shadow_spread:0|box_shadow_color:rgba(0%2C0%2C0%2C0.35)&#8221;][vc_column_text]\u201eJOMEIDA\u201c UAB nuosavais vilkikais su tentin\u0117mis puspriekab\u0117mis vykdo krovini\u0173 gabenimus EEE \u0161alyse. U\u017esakov\u0173 krovinius \u012fmon\u0117s autotransportas pristato \u012f skirtingas Europos \u0161alis. Geografija plati, mar\u0161rutai driekiasi<\/p>\n","protected":false},"author":3,"featured_media":75,"parent":0,"menu_order":0,"comment_status":"closed","ping_status":"closed","template":"","meta":{"_monsterinsights_skip_tracking":false,"_monsterinsights_sitenote_active":false,"_monsterinsights_sitenote_note":"","_monsterinsights_sitenote_category":0,"footnotes":""},"yoast_head":"<!-- This site is optimized with the Yoast SEO plugin v23.0 - https:\/\/yoast.com\/wordpress\/plugins\/seo\/ -->\n<title>Patikimos krovini\u0173 gabenimo paslaugos Europoje | JOMEIDA<\/title>\n<meta name=\"description\" content=\"\u201eJOMEIDA\u201c efektyvios krovini\u0173 gabenimo paslaugos Europoje. Si\u016blome patikimus pristatymus su savo transporto flotile ir atsidavusia komanda.\" \/>\n<meta name=\"robots\" content=\"index, follow, max-snippet:-1, max-image-preview:large, max-video-preview:-1\" \/>\n<link rel=\"canonical\" href=\"https:\/\/jomeida.com\/lt\/kroviniu-gabenimo-paslaugos\/\" \/>\n<meta property=\"og:locale\" content=\"lt_LT\" \/>\n<meta property=\"og:type\" content=\"article\" \/>\n<meta property=\"og:title\" content=\"Patikimos krovini\u0173 gabenimo paslaugos Europoje | JOMEIDA\" \/>\n<meta property=\"og:description\" content=\"\u201eJOMEIDA\u201c efektyvios krovini\u0173 gabenimo paslaugos Europoje. Si\u016blome patikimus pristatymus su savo transporto flotile ir atsidavusia komanda.\" \/>\n<meta property=\"og:url\" content=\"https:\/\/jomeida.com\/lt\/kroviniu-gabenimo-paslaugos\/\" \/>\n<meta property=\"og:site_name\" content=\"JOMEIDA\" \/>\n<meta property=\"article:modified_time\" content=\"2024-07-24T09:01:07+00:00\" \/>\n<meta property=\"og:image\" content=\"https:\/\/jomeida.com\/wp-content\/uploads\/jomeida-kroviniu-gabenimas-autokeliais-automobiliu-transportas-puspriekabe-vakaru-europa-202008001-1.jpg\" \/>\n\t<meta property=\"og:image:width\" content=\"2048\" \/>\n\t<meta property=\"og:image:height\" content=\"1536\" \/>\n\t<meta property=\"og:image:type\" content=\"image\/jpeg\" \/>\n<meta name=\"twitter:card\" content=\"summary_large_image\" \/>\n<meta name=\"twitter:label1\" content=\"Est. reading time\" \/>\n\t<meta name=\"twitter:data1\" content=\"1 minut\u0117\" \/>\n<script type=\"application\/ld+json\" class=\"yoast-schema-graph\">{\"@context\":\"https:\/\/schema.org\",\"@graph\":[{\"@type\":\"WebPage\",\"@id\":\"https:\/\/jomeida.com\/lt\/kroviniu-gabenimo-paslaugos\/\",\"url\":\"https:\/\/jomeida.com\/lt\/kroviniu-gabenimo-paslaugos\/\",\"name\":\"Patikimos krovini\u0173 gabenimo paslaugos Europoje | JOMEIDA\",\"isPartOf\":{\"@id\":\"https:\/\/jomeida.com\/#website\"},\"primaryImageOfPage\":{\"@id\":\"https:\/\/jomeida.com\/lt\/kroviniu-gabenimo-paslaugos\/#primaryimage\"},\"image\":{\"@id\":\"https:\/\/jomeida.com\/lt\/kroviniu-gabenimo-paslaugos\/#primaryimage\"},\"thumbnailUrl\":\"https:\/\/jomeida.com\/wp-content\/uploads\/jomeida-kroviniu-gabenimas-autokeliais-automobiliu-transportas-puspriekabe-vakaru-europa-202008001-1.jpg\",\"datePublished\":\"2020-08-01T12:26:35+00:00\",\"dateModified\":\"2024-07-24T09:01:07+00:00\",\"description\":\"\u201eJOMEIDA\u201c efektyvios krovini\u0173 gabenimo paslaugos Europoje. Si\u016blome patikimus pristatymus su savo transporto flotile ir atsidavusia komanda.\",\"breadcrumb\":{\"@id\":\"https:\/\/jomeida.com\/lt\/kroviniu-gabenimo-paslaugos\/#breadcrumb\"},\"inLanguage\":\"lt-LT\",\"potentialAction\":[{\"@type\":\"ReadAction\",\"target\":[\"https:\/\/jomeida.com\/lt\/kroviniu-gabenimo-paslaugos\/\"]}]},{\"@type\":\"ImageObject\",\"inLanguage\":\"lt-LT\",\"@id\":\"https:\/\/jomeida.com\/lt\/kroviniu-gabenimo-paslaugos\/#primaryimage\",\"url\":\"https:\/\/jomeida.com\/wp-content\/uploads\/jomeida-kroviniu-gabenimas-autokeliais-automobiliu-transportas-puspriekabe-vakaru-europa-202008001-1.jpg\",\"contentUrl\":\"https:\/\/jomeida.com\/wp-content\/uploads\/jomeida-kroviniu-gabenimas-autokeliais-automobiliu-transportas-puspriekabe-vakaru-europa-202008001-1.jpg\",\"width\":2048,\"height\":1536},{\"@type\":\"BreadcrumbList\",\"@id\":\"https:\/\/jomeida.com\/lt\/kroviniu-gabenimo-paslaugos\/#breadcrumb\",\"itemListElement\":[{\"@type\":\"ListItem\",\"position\":1,\"name\":\"Home\",\"item\":\"https:\/\/jomeida.com\/lt\/\"},{\"@type\":\"ListItem\",\"position\":2,\"name\":\"Kroviniu gabenimas autotransportu\"}]},{\"@type\":\"WebSite\",\"@id\":\"https:\/\/jomeida.com\/#website\",\"url\":\"https:\/\/jomeida.com\/\",\"name\":\"JOMEIDA\",\"description\":\"Krovini\u0173 gabenimai Europoje\",\"publisher\":{\"@id\":\"https:\/\/jomeida.com\/#organization\"},\"potentialAction\":[{\"@type\":\"SearchAction\",\"target\":{\"@type\":\"EntryPoint\",\"urlTemplate\":\"https:\/\/jomeida.com\/?s={search_term_string}\"},\"query-input\":\"required name=search_term_string\"}],\"inLanguage\":\"lt-LT\"},{\"@type\":\"Organization\",\"@id\":\"https:\/\/jomeida.com\/#organization\",\"name\":\"JOMEIDA\",\"url\":\"https:\/\/jomeida.com\/\",\"logo\":{\"@type\":\"ImageObject\",\"inLanguage\":\"lt-LT\",\"@id\":\"https:\/\/jomeida.com\/#\/schema\/logo\/image\/\",\"url\":\"https:\/\/jomeida.com\/wp-content\/uploads\/jomeida-logo-500-000844.png\",\"contentUrl\":\"https:\/\/jomeida.com\/wp-content\/uploads\/jomeida-logo-500-000844.png\",\"width\":500,\"height\":181,\"caption\":\"JOMEIDA\"},\"image\":{\"@id\":\"https:\/\/jomeida.com\/#\/schema\/logo\/image\/\"}}]}<\/script>\n<!-- \/ Yoast SEO plugin. -->","yoast_head_json":{"title":"Patikimos krovini\u0173 gabenimo paslaugos Europoje | JOMEIDA","description":"\u201eJOMEIDA\u201c efektyvios krovini\u0173 gabenimo paslaugos Europoje. Si\u016blome patikimus pristatymus su savo transporto flotile ir atsidavusia komanda.","robots":{"index":"index","follow":"follow","max-snippet":"max-snippet:-1","max-image-preview":"max-image-preview:large","max-video-preview":"max-video-preview:-1"},"canonical":"https:\/\/jomeida.com\/lt\/kroviniu-gabenimo-paslaugos\/","og_locale":"lt_LT","og_type":"article","og_title":"Patikimos krovini\u0173 gabenimo paslaugos Europoje | JOMEIDA","og_description":"\u201eJOMEIDA\u201c efektyvios krovini\u0173 gabenimo paslaugos Europoje. Si\u016blome patikimus pristatymus su savo transporto flotile ir atsidavusia komanda.","og_url":"https:\/\/jomeida.com\/lt\/kroviniu-gabenimo-paslaugos\/","og_site_name":"JOMEIDA","article_modified_time":"2024-07-24T09:01:07+00:00","og_image":[{"width":2048,"height":1536,"url":"https:\/\/jomeida.com\/wp-content\/uploads\/jomeida-kroviniu-gabenimas-autokeliais-automobiliu-transportas-puspriekabe-vakaru-europa-202008001-1.jpg","type":"image\/jpeg"}],"twitter_card":"summary_large_image","twitter_misc":{"Est. reading time":"1 minut\u0117"},"schema":{"@context":"https:\/\/schema.org","@graph":[{"@type":"WebPage","@id":"https:\/\/jomeida.com\/lt\/kroviniu-gabenimo-paslaugos\/","url":"https:\/\/jomeida.com\/lt\/kroviniu-gabenimo-paslaugos\/","name":"Patikimos krovini\u0173 gabenimo paslaugos Europoje | JOMEIDA","isPartOf":{"@id":"https:\/\/jomeida.com\/#website"},"primaryImageOfPage":{"@id":"https:\/\/jomeida.com\/lt\/kroviniu-gabenimo-paslaugos\/#primaryimage"},"image":{"@id":"https:\/\/jomeida.com\/lt\/kroviniu-gabenimo-paslaugos\/#primaryimage"},"thumbnailUrl":"https:\/\/jomeida.com\/wp-content\/uploads\/jomeida-kroviniu-gabenimas-autokeliais-automobiliu-transportas-puspriekabe-vakaru-europa-202008001-1.jpg","datePublished":"2020-08-01T12:26:35+00:00","dateModified":"2024-07-24T09:01:07+00:00","description":"\u201eJOMEIDA\u201c efektyvios krovini\u0173 gabenimo paslaugos Europoje. Si\u016blome patikimus pristatymus su savo transporto flotile ir atsidavusia komanda.","breadcrumb":{"@id":"https:\/\/jomeida.com\/lt\/kroviniu-gabenimo-paslaugos\/#breadcrumb"},"inLanguage":"lt-LT","potentialAction":[{"@type":"ReadAction","target":["https:\/\/jomeida.com\/lt\/kroviniu-gabenimo-paslaugos\/"]}]},{"@type":"ImageObject","inLanguage":"lt-LT","@id":"https:\/\/jomeida.com\/lt\/kroviniu-gabenimo-paslaugos\/#primaryimage","url":"https:\/\/jomeida.com\/wp-content\/uploads\/jomeida-kroviniu-gabenimas-autokeliais-automobiliu-transportas-puspriekabe-vakaru-europa-202008001-1.jpg","contentUrl":"https:\/\/jomeida.com\/wp-content\/uploads\/jomeida-kroviniu-gabenimas-autokeliais-automobiliu-transportas-puspriekabe-vakaru-europa-202008001-1.jpg","width":2048,"height":1536},{"@type":"BreadcrumbList","@id":"https:\/\/jomeida.com\/lt\/kroviniu-gabenimo-paslaugos\/#breadcrumb","itemListElement":[{"@type":"ListItem","position":1,"name":"Home","item":"https:\/\/jomeida.com\/lt\/"},{"@type":"ListItem","position":2,"name":"Kroviniu gabenimas autotransportu"}]},{"@type":"WebSite","@id":"https:\/\/jomeida.com\/#website","url":"https:\/\/jomeida.com\/","name":"JOMEIDA","description":"Krovini\u0173 gabenimai Europoje","publisher":{"@id":"https:\/\/jomeida.com\/#organization"},"potentialAction":[{"@type":"SearchAction","target":{"@type":"EntryPoint","urlTemplate":"https:\/\/jomeida.com\/?s={search_term_string}"},"query-input":"required name=search_term_string"}],"inLanguage":"lt-LT"},{"@type":"Organization","@id":"https:\/\/jomeida.com\/#organization","name":"JOMEIDA","url":"https:\/\/jomeida.com\/","logo":{"@type":"ImageObject","inLanguage":"lt-LT","@id":"https:\/\/jomeida.com\/#\/schema\/logo\/image\/","url":"https:\/\/jomeida.com\/wp-content\/uploads\/jomeida-logo-500-000844.png","contentUrl":"https:\/\/jomeida.com\/wp-content\/uploads\/jomeida-logo-500-000844.png","width":500,"height":181,"caption":"JOMEIDA"},"image":{"@id":"https:\/\/jomeida.com\/#\/schema\/logo\/image\/"}}]}},"_links":{"self":[{"href":"https:\/\/jomeida.com\/lt\/wp-json\/wp\/v2\/pages\/33"}],"collection":[{"href":"https:\/\/jomeida.com\/lt\/wp-json\/wp\/v2\/pages"}],"about":[{"href":"https:\/\/jomeida.com\/lt\/wp-json\/wp\/v2\/types\/page"}],"author":[{"embeddable":true,"href":"https:\/\/jomeida.com\/lt\/wp-json\/wp\/v2\/users\/3"}],"replies":[{"embeddable":true,"href":"https:\/\/jomeida.com\/lt\/wp-json\/wp\/v2\/comments?post=33"}],"version-history":[{"count":17,"href":"https:\/\/jomeida.com\/lt\/wp-json\/wp\/v2\/pages\/33\/revisions"}],"predecessor-version":[{"id":1050,"href":"https:\/\/jomeida.com\/lt\/wp-json\/wp\/v2\/pages\/33\/revisions\/1050"}],"wp:featuredmedia":[{"embeddable":true,"href":"https:\/\/jomeida.com\/lt\/wp-json\/wp\/v2\/media\/75"}],"wp:attachment":[{"href":"https:\/\/jomeida.com\/lt\/wp-json\/wp\/v2\/media?parent=33"}],"curies":[{"name":"wp","href":"https:\/\/api.w.org\/{rel}","templated":true}]}}