{"id":644,"date":"2024-07-16T08:37:27","date_gmt":"2024-07-16T10:37:27","guid":{"rendered":"https:\/\/jomeida.com\/?page_id=644"},"modified":"2024-07-24T06:40:11","modified_gmt":"2024-07-24T08:40:11","slug":"kontaktai","status":"publish","type":"page","link":"https:\/\/jomeida.com\/lt\/kontaktai\/","title":{"rendered":"Kontaktai"},"content":{"rendered":"<p>[vc_row][vc_column css=&#8221;.vc_custom_1721200933164{margin-top: -25px !important;}&#8221; col_shadow=&#8221;box_shadow_enable:disable|shadow_horizontal:0|shadow_vertical:15|shadow_blur:50|shadow_spread:0|box_shadow_color:rgba(0%2C0%2C0%2C0.35)&#8221; col_shadow_hover=&#8221;box_shadow_enable:disable|shadow_horizontal:0|shadow_vertical:15|shadow_blur:50|shadow_spread:0|box_shadow_color:rgba(0%2C0%2C0%2C0.35)&#8221;][vc_column_text]<\/p>\n<h4 style=\"text-align: left;\">Bendrov\u0117s kontaktai susisiekti, rekvizitai<\/h4>\n<p>[\/vc_column_text][vc_empty_space][\/vc_column][\/vc_row][vc_row][vc_column width=&#8221;1\/2&#8243;][vc_raw_html]JTNDaDMlMjBzdHlsZSUzRCUyMmZvbnQtc2l6ZSUzQSUyMDMycHglM0IlMjBmb250LWZhbWlseSUzQSUyMCUyMk9wZW4lMjBTYW5zJTIyJTJDJTIwc2Fucy1zZXJpZiUzQiUyMiUzRSVFMiU4MCU5RUpPTUVJREElRTIlODAlOUMlMjBVQUIlM0MlMkZoMyUzRSUwQSUzQ2RpdiUyMHN0eWxlJTNEJTIybGluZS1oZWlnaHQlM0ElMjAzMHB4JTNCJTIwZm9udC1zaXplJTNBJTIwMTRweCUzQiUyMiUzRSUwQSUzQ3VsJTIwY2xhc3MlM0QlMjIlMjIlMjBzdHlsZSUzRCUyMmxpbmUtaGVpZ2h0JTNBJTIwMThweCUzQiUyMGxpc3Qtc3R5bGUtdHlwZSUzQSUyMG5vbmUlM0IlMjIlM0UlMEElM0NsaSUzRVMuJTIwRGF1a2FudG8lMjBnLiUyMDE5LTUlMkMlMjBMVC02OTQzMCUyQyUyMEthemwlQzUlQjMlMjBSJUM1JUFCZGElMkMlMjBMaWV0dXZhJTIwJTNDJTJGbGklM0UlMEElM0NsaSUzRSVDNCVBRW1vbiVDNCU5N3MlMjBrb2RhcyUzQSUyMDMwNTAyMDIwOSUyMCUzQyUyRmxpJTNFJTBBJTNDbGklM0VQVk0lMjBtb2suJTIwa29kYXMlM0ElMjBMVDEwMDAxMjE5NzAxOCUyMCUzQyUyRmxpJTNFJTBBJTNDbGklM0VUZWxlZm9uYXMlM0ElMjAlM0NhJTIwaHJlZiUzRCUyMnRlbCUzQSUyRiUyRiUyQjM3MDYwNzk2NTg2JTIyJTNFJTJCMzcwJTIwNjA3JTIwOTY1ODYlM0MlMkZhJTNFJTNDJTJGbGklM0UlMEElM0NsaSUzRUVsLiUyMHBhJUM1JUExdGFzJTNBJTIwJTNDYSUyMGhyZWYlM0QlMjJtYWlsdG8lM0FpbmZvJTQwam9tZWlkYS5jb20lMjIlM0VpbmZvJTQwam9tZWlkYS5jb20lM0MlMkZhJTNFJTNDJTJGbGklM0UlMEElM0NsaSUzRURhcmJvJTIwbGFpa2FzJTNBJTIwSSUyMCVFMiU4MCU5MyUyMFYlM0ElMjAwOCUzQTAwJUUyJTgwJTkzMTclM0EwMCUzQiUyMFZJJTIwLSUyMFZJSSUyMG5lZGlyYmFtZSUyMCUzQyUyRmxpJTNFJTIwJTBBJTNDbGklM0VTJUM0JTg1c2thaXRvcyUyME5yLiUzQSUyMExUODAlMjA3MDQ0JTIwMDYwMCUyMDA4MjclMjAxMTA5JTIwJTNDJTJGbGklM0UlMjAlMEElM0NsaSUzRUJhbmthcyUyMEFCJTIwU0VCJTIwJTNDJTJGbGklM0UlMjAlMEElM0NsaSUzRUJJQyUyMGtvZGFzJTIwJTI4U1dJRlQlMjklM0ElMjBDQlZJTFQyWCUyMCUzQyUyRmxpJTNFJTBBJTA5JTNDJTJGdWwlM0UlMjAlM0MlMkZkaXYlM0U=[\/vc_raw_html][vc_empty_space][vc_column_text]<\/p>\n<h4>Krovini\u0173 gabenimas, logistika<\/h4>\n<p><strong>Karolina Martinaitien\u0117<\/strong><br \/>\n<span style=\"font-size: 16px; font-weight: bold; letter-spacing: 0.5px;\"><i class=\"fa fa-phone\"><\/i> <a href=\"tel:\/\/+37060796586\">+370 607 96586<\/a><\/span><br \/>\n<span style=\"font-size: 16px; font-weight: bold; letter-spacing: 0.5px;\"><i class=\"fa fa-envelope\"><\/i> <a href=\"mailto:info@jomeida.com\">info@jomeida.com<\/a><\/span>[\/vc_column_text][vc_empty_space][vc_column_text]<\/p>\n<h4>Transporto skyriaus vadovas<\/h4>\n<p><strong>Aurimas Petrukaitis<\/strong><br \/>\n<span style=\"font-size: 16px; font-weight: bold; letter-spacing: 0.5px;\"><i class=\"fa fa-phone\"><\/i> <a href=\"tel:\/\/+37061544342\">+370 615 44342<\/a><\/span><br \/>\n<span style=\"font-size: 16px; font-weight: bold; letter-spacing: 0.5px;\"><i class=\"fa fa-envelope\"><\/i> <a href=\"mailto:info@jomeida.com\">info@jomeida.com<\/a><\/span>[\/vc_column_text][vc_empty_space][\/vc_column][vc_column width=&#8221;1\/2&#8243;][vc_column_text]<\/p>\n<h3>Susisiekite su mumis<\/h3>\n<p class=\"note-small\">B\u016btina u\u017epildyti visus laukelius.<br \/>\nSi\u0173sdami \u0161i\u0105 u\u017eklaus\u0105 J\u016bs sutinkate, kad \u201eJOMEIDA\u201c UAB tvarkyt\u0173 J\u016bs\u0173 pateiktus duomenis pagal Lietuvos Respublikoje galiojan\u010dius \u012fstatymus ir Europos S\u0105jungos teis\u0117s aktus.<\/p>\n<p>[\/vc_column_text]\n<div class=\"wpcf7 no-js\" id=\"wpcf7-f1009-o1\" lang=\"en-US\" dir=\"ltr\">\n<div class=\"screen-reader-response\"><p role=\"status\" aria-live=\"polite\" aria-atomic=\"true\"><\/p> <ul><\/ul><\/div>\n<form action=\"\/lt\/wp-json\/wp\/v2\/pages\/644#wpcf7-f1009-o1\" method=\"post\" class=\"wpcf7-form init\" aria-label=\"Contact form\" novalidate=\"novalidate\" data-status=\"init\">\n<div style=\"display: none;\">\n<input type=\"hidden\" name=\"_wpcf7\" value=\"1009\" \/>\n<input type=\"hidden\" name=\"_wpcf7_version\" value=\"5.7.4\" \/>\n<input type=\"hidden\" name=\"_wpcf7_locale\" value=\"en_US\" \/>\n<input type=\"hidden\" name=\"_wpcf7_unit_tag\" value=\"wpcf7-f1009-o1\" \/>\n<input type=\"hidden\" name=\"_wpcf7_container_post\" value=\"0\" \/>\n<input type=\"hidden\" name=\"_wpcf7_posted_data_hash\" value=\"\" \/>\n<input type=\"hidden\" name=\"_wpcf7_recaptcha_response\" value=\"\" \/>\n<\/div>\n<style>\n.form-row {\n display: flex;\n justify-content: space-between;\n gap: 16px; \/* Adjust the gap as needed *\/\n}\n\n.form-row label {\n flex: 1;\n min-width: 0;\n}\n\n#visual {\nborder-style: solid;\n margin-bottom: 0px;\n border-width: 1px;\n background-color: #f5f5f5;\n border-radius: 2px;\n border-color: #b26f59;\n}\n\n#sendBtn {float: left;\n line-height: 0;\n width: 35%;\n text-align: center;\n margin-top: 0px;\n font-weight: 400;\n padding: 15px 20px 15px 20px;\n background-color: #bc9b72;\n transition: all 0.4s;\n color: #ffffff;\n height: 48px;\n text-transform: inherit;\n font-size: 13px;\n letter-spacing: 0px;\n border-width: 1px;\n border-color: #bc9b72;\n border-style: solid;\n border-radius: 2px;\n}\n<\/style>\n<div class=\"form-row\">\n\t<p><label> Vardas ir Pavard\u0117*<br \/>\n<span class=\"wpcf7-form-control-wrap\" data-name=\"your-name\"><input size=\"40\" class=\"wpcf7-form-control wpcf7-text wpcf7-validates-as-required\" id=\"visual\" autocomplete=\"name\" aria-required=\"true\" aria-invalid=\"false\" placeholder=\"Siunt\u0117jas\" value=\"\" type=\"text\" name=\"your-name\" \/><\/span><br \/>\n<\/label>\n\t<\/p>\n\t<p><label> El. pa\u0161tas*<br \/>\n<span class=\"wpcf7-form-control-wrap\" data-name=\"your-email\"><input size=\"40\" class=\"wpcf7-form-control wpcf7-text wpcf7-email wpcf7-validates-as-required wpcf7-validates-as-email\" id=\"visual\" autocomplete=\"email\" aria-required=\"true\" aria-invalid=\"false\" placeholder=\"@\" value=\"\" type=\"email\" name=\"your-email\" \/><\/span><br \/>\n<\/label>\n\t<\/p>\n<\/div>\n<p><label style=\"width:100%; border-color: #b26f59\"> Tema*<br \/>\n<span class=\"wpcf7-form-control-wrap\" data-name=\"your-subject\"><input size=\"40\" class=\"wpcf7-form-control wpcf7-text wpcf7-validates-as-required\" id=\"visual\" aria-required=\"true\" aria-invalid=\"false\" placeholder=\"Tema\" value=\"\" type=\"text\" name=\"your-subject\" \/><\/span><br \/>\n<\/label>\n<\/p>\n<p><label style=\"width:100%\"> Telefono numeris*<br \/>\n<span class=\"wpcf7-form-control-wrap\" data-name=\"number-93\"><input class=\"wpcf7-form-control wpcf7-number wpcf7-validates-as-required wpcf7-validates-as-number\" id=\"visual\" aria-required=\"true\" aria-invalid=\"false\" placeholder=\"+(00)\" value=\"\" type=\"number\" name=\"number-93\" \/><\/span><br \/>\n<\/label>\n<\/p>\n<p><label style=\"width:100%\"> \u017dinut\u0117 gav\u0117jui*<br \/>\n<span class=\"wpcf7-form-control-wrap\" data-name=\"your-message\"><textarea cols=\"40\" rows=\"10\" class=\"wpcf7-form-control wpcf7-textarea wpcf7-validates-as-required\" id=\"visual\" aria-required=\"true\" aria-invalid=\"false\" placeholder=\"Pra\u0161ome kuo detaliau apib\u016bdinti savo poreikius: reikalingas transporto paslaugas, krovinio gabenimo s\u0105lygas (datos, kiekiai ir tiksl\u016bs adresai)\" name=\"your-message\"><\/textarea><\/span><br \/>\n<\/label><br \/>\n<span class=\"wpcf7-form-control-wrap recaptcha\" data-name=\"recaptcha\"><span data-sitekey=\"6Le69hAqAAAAANGX6cnHYkWWwg9IX_A2e-aT5kKv\" class=\"wpcf7-form-control g-recaptcha wpcf7-recaptcha\"><\/span>\r\n<noscript>\r\n\t<div class=\"grecaptcha-noscript\">\r\n\t\t<iframe loading=\"lazy\" src=\"https:\/\/www.google.com\/recaptcha\/api\/fallback?k=6Le69hAqAAAAANGX6cnHYkWWwg9IX_A2e-aT5kKv\" frameborder=\"0\" scrolling=\"no\" width=\"310\" height=\"430\">\r\n\t\t<\/iframe>\r\n\t\t<textarea name=\"g-recaptcha-response\" rows=\"3\" cols=\"40\" placeholder=\"reCaptcha Response Here\">\r\n\t\t<\/textarea>\r\n\t<\/div>\r\n<\/noscript>\r\n<\/span><br \/>\n<input class=\"wpcf7-form-control has-spinner wpcf7-submit\" id=\"sendBtn\" type=\"submit\" value=\"Si\u0173sti \u017einut\u0119\" \/>\n<\/p><div class=\"wpcf7-response-output\" aria-hidden=\"true\"><\/div>\n<\/form>\n<\/div>\n[\/vc_column][\/vc_row][vc_row][vc_column][vc_empty_space][vc_gmaps link=&#8221;#E-8_JTNDaWZyYW1lJTIwc3JjJTNEJTIyaHR0cHMlM0ElMkYlMkZ3d3cuZ29vZ2xlLmNvbSUyRm1hcHMlMkZlbWJlZCUzRnBiJTNEJTIxMW0xOCUyMTFtMTIlMjExbTMlMjExZDIzMDMuMTkzOTA2NzEzMzAwMyUyMTJkMjMuNDk1MjMwODE1ODkxNTYlMjEzZDU0Ljc0MTM5MjU4MDI5NTAwNiUyMTJtMyUyMTFmMCUyMTJmMCUyMTNmMCUyMTNtMiUyMTFpMTAyNCUyMTJpNzY4JTIxNGYxMy4xJTIxM20zJTIxMW0yJTIxMXMweDQ2ZTZkNjVhMjNiYjc4YmIlMjUzQTB4ZTEwMDdlZDRkNDVmOWZiJTIxMnNTLiUyNTIwRGF1a2FudG8lMjUyMGcuJTI1MjAxOSUyNTJDJTI1MjBLYXpsJTI1QzUlMjVCMyUyNTIwUiUyNUM1JTI1QUJkYSUyNTIwNjk0MzAlMjE1ZTAlMjEzbTIlMjExc2VuJTIxMnNsdCUyMTR2MTU5NjczNTM3MTAxNCUyMTVtMiUyMTFzZW4lMjEyc2x0JTIyJTIwd2lkdGglM0QlMjIxMDAlMjUlMjIlMjBoZWlnaHQlM0QlMjI0NTAlMjIlMjBmcmFtZWJvcmRlciUzRCUyMjAlMjIlMjBzdHlsZSUzRCUyMmJvcmRlciUzQTAlM0IlMjIlMjBhbGxvd2Z1bGxzY3JlZW4lM0QlMjIlMjIlMjBhcmlhLWhpZGRlbiUzRCUyMmZhbHNlJTIyJTIwdGFiaW5kZXglM0QlMjIwJTIyJTNFJTNDJTJGaWZyYW1lJTNF&#8221; title=&#8221;Biuro vieta \u017eem\u0117lapyje&#8221;][\/vc_column][\/vc_row]<\/p>\n","protected":false},"excerpt":{"rendered":"<p>[vc_row][vc_column css=&#8221;.vc_custom_1721200933164{margin-top: -25px !important;}&#8221; col_shadow=&#8221;box_shadow_enable:disable|shadow_horizontal:0|shadow_vertical:15|shadow_blur:50|shadow_spread:0|box_shadow_color:rgba(0%2C0%2C0%2C0.35)&#8221; col_shadow_hover=&#8221;box_shadow_enable:disable|shadow_horizontal:0|shadow_vertical:15|shadow_blur:50|shadow_spread:0|box_shadow_color:rgba(0%2C0%2C0%2C0.35)&#8221;][vc_column_text] Bendrov\u0117s kontaktai susisiekti, rekvizitai [\/vc_column_text][vc_empty_space][\/vc_column][\/vc_row][vc_row][vc_column width=&#8221;1\/2&#8243;][vc_raw_html]JTNDaDMlMjBzdHlsZSUzRCUyMmZvbnQtc2l6ZSUzQSUyMDMycHglM0IlMjBmb250LWZhbWlseSUzQSUyMCUyMk9wZW4lMjBTYW5zJTIyJTJDJTIwc2Fucy1zZXJpZiUzQiUyMiUzRSVFMiU4MCU5RUpPTUVJREElRTIlODAlOUMlMjBVQUIlM0MlMkZoMyUzRSUwQSUzQ2RpdiUyMHN0eWxlJTNEJTIybGluZS1oZWlnaHQlM0ElMjAzMHB4JTNCJTIwZm9udC1zaXplJTNBJTIwMTRweCUzQiUyMiUzRSUwQSUzQ3VsJTIwY2xhc3MlM0QlMjIlMjIlMjBzdHlsZSUzRCUyMmxpbmUtaGVpZ2h0JTNBJTIwMThweCUzQiUyMGxpc3Qtc3R5bGUtdHlwZSUzQSUyMG5vbmUlM0IlMjIlM0UlMEElM0NsaSUzRVMuJTIwRGF1a2FudG8lMjBnLiUyMDE5LTUlMkMlMjBMVC02OTQzMCUyQyUyMEthemwlQzUlQjMlMjBSJUM1JUFCZGElMkMlMjBMaWV0dXZhJTIwJTNDJTJGbGklM0UlMEElM0NsaSUzRSVDNCVBRW1vbiVDNCU5N3MlMjBrb2RhcyUzQSUyMDMwNTAyMDIwOSUyMCUzQyUyRmxpJTNFJTBBJTNDbGklM0VQVk0lMjBtb2suJTIwa29kYXMlM0ElMjBMVDEwMDAxMjE5NzAxOCUyMCUzQyUyRmxpJTNFJTBBJTNDbGklM0VUZWxlZm9uYXMlM0ElMjAlM0NhJTIwaHJlZiUzRCUyMnRlbCUzQSUyRiUyRiUyQjM3MDYwNzk2NTg2JTIyJTNFJTJCMzcwJTIwNjA3JTIwOTY1ODYlM0MlMkZhJTNFJTNDJTJGbGklM0UlMEElM0NsaSUzRUVsLiUyMHBhJUM1JUExdGFzJTNBJTIwJTNDYSUyMGhyZWYlM0QlMjJtYWlsdG8lM0FpbmZvJTQwam9tZWlkYS5jb20lMjIlM0VpbmZvJTQwam9tZWlkYS5jb20lM0MlMkZhJTNFJTNDJTJGbGklM0UlMEElM0NsaSUzRURhcmJvJTIwbGFpa2FzJTNBJTIwSSUyMCVFMiU4MCU5MyUyMFYlM0ElMjAwOCUzQTAwJUUyJTgwJTkzMTclM0EwMCUzQiUyMFZJJTIwLSUyMFZJSSUyMG5lZGlyYmFtZSUyMCUzQyUyRmxpJTNFJTIwJTBBJTNDbGklM0VTJUM0JTg1c2thaXRvcyUyME5yLiUzQSUyMExUODAlMjA3MDQ0JTIwMDYwMCUyMDA4MjclMjAxMTA5JTIwJTNDJTJGbGklM0UlMjAlMEElM0NsaSUzRUJhbmthcyUyMEFCJTIwU0VCJTIwJTNDJTJGbGklM0UlMjAlMEElM0NsaSUzRUJJQyUyMGtvZGFzJTIwJTI4U1dJRlQlMjklM0ElMjBDQlZJTFQyWCUyMCUzQyUyRmxpJTNFJTBBJTA5JTNDJTJGdWwlM0UlMjAlM0MlMkZkaXYlM0U=[\/vc_raw_html][vc_empty_space][vc_column_text] Krovini\u0173 gabenimas, logistika Karolina Martinaitien\u0117 +370 607 96586 info@jomeida.com[\/vc_column_text][vc_empty_space][vc_column_text] Transporto skyriaus vadovas Aurimas Petrukaitis +370 615 44342 info@jomeida.com[\/vc_column_text][vc_empty_space][\/vc_column][vc_column<\/p>\n","protected":false},"author":5,"featured_media":0,"parent":0,"menu_order":0,"comment_status":"closed","ping_status":"closed","template":"","meta":{"_monsterinsights_skip_tracking":false,"_monsterinsights_sitenote_active":false,"_monsterinsights_sitenote_note":"","_monsterinsights_sitenote_category":0,"footnotes":""},"yoast_head":"<!-- This site is optimized with the Yoast SEO plugin v23.0 - https:\/\/yoast.com\/wordpress\/plugins\/seo\/ -->\n<title>Susisiekite su mumis - Transporto paslaugos | JOMEIDA<\/title>\n<meta name=\"description\" content=\"Susisiekite su mumis d\u0117l m\u016bs\u0173 perve\u017eimo paslaug\u0173. Esame \u010dia, kad pad\u0117tume jums efektyviais ir patikimais logistikos sprendimais.\" \/>\n<meta name=\"robots\" content=\"index, follow, max-snippet:-1, max-image-preview:large, max-video-preview:-1\" \/>\n<link rel=\"canonical\" href=\"https:\/\/jomeida.com\/lt\/kontaktai\/\" \/>\n<meta property=\"og:locale\" content=\"lt_LT\" \/>\n<meta property=\"og:type\" content=\"article\" \/>\n<meta property=\"og:title\" content=\"Susisiekite su mumis - Transporto paslaugos | JOMEIDA\" \/>\n<meta property=\"og:description\" content=\"Susisiekite su mumis d\u0117l m\u016bs\u0173 perve\u017eimo paslaug\u0173. Esame \u010dia, kad pad\u0117tume jums efektyviais ir patikimais logistikos sprendimais.\" \/>\n<meta property=\"og:url\" content=\"https:\/\/jomeida.com\/lt\/kontaktai\/\" \/>\n<meta property=\"og:site_name\" content=\"JOMEIDA\" \/>\n<meta property=\"article:modified_time\" content=\"2024-07-24T08:40:11+00:00\" \/>\n<meta name=\"twitter:card\" content=\"summary_large_image\" \/>\n<meta name=\"twitter:label1\" content=\"Est. reading time\" \/>\n\t<meta name=\"twitter:data1\" content=\"1 minut\u0117\" \/>\n<script type=\"application\/ld+json\" class=\"yoast-schema-graph\">{\"@context\":\"https:\/\/schema.org\",\"@graph\":[{\"@type\":\"WebPage\",\"@id\":\"https:\/\/jomeida.com\/lt\/kontaktai\/\",\"url\":\"https:\/\/jomeida.com\/lt\/kontaktai\/\",\"name\":\"Susisiekite su mumis - Transporto paslaugos | JOMEIDA\",\"isPartOf\":{\"@id\":\"https:\/\/jomeida.com\/#website\"},\"datePublished\":\"2024-07-16T10:37:27+00:00\",\"dateModified\":\"2024-07-24T08:40:11+00:00\",\"description\":\"Susisiekite su mumis d\u0117l m\u016bs\u0173 perve\u017eimo paslaug\u0173. Esame \u010dia, kad pad\u0117tume jums efektyviais ir patikimais logistikos sprendimais.\",\"breadcrumb\":{\"@id\":\"https:\/\/jomeida.com\/lt\/kontaktai\/#breadcrumb\"},\"inLanguage\":\"lt-LT\",\"potentialAction\":[{\"@type\":\"ReadAction\",\"target\":[\"https:\/\/jomeida.com\/lt\/kontaktai\/\"]}]},{\"@type\":\"BreadcrumbList\",\"@id\":\"https:\/\/jomeida.com\/lt\/kontaktai\/#breadcrumb\",\"itemListElement\":[{\"@type\":\"ListItem\",\"position\":1,\"name\":\"Home\",\"item\":\"https:\/\/jomeida.com\/lt\/\"},{\"@type\":\"ListItem\",\"position\":2,\"name\":\"Kontaktai\"}]},{\"@type\":\"WebSite\",\"@id\":\"https:\/\/jomeida.com\/#website\",\"url\":\"https:\/\/jomeida.com\/\",\"name\":\"JOMEIDA\",\"description\":\"Krovini\u0173 gabenimai Europoje\",\"publisher\":{\"@id\":\"https:\/\/jomeida.com\/#organization\"},\"potentialAction\":[{\"@type\":\"SearchAction\",\"target\":{\"@type\":\"EntryPoint\",\"urlTemplate\":\"https:\/\/jomeida.com\/?s={search_term_string}\"},\"query-input\":\"required name=search_term_string\"}],\"inLanguage\":\"lt-LT\"},{\"@type\":\"Organization\",\"@id\":\"https:\/\/jomeida.com\/#organization\",\"name\":\"JOMEIDA\",\"url\":\"https:\/\/jomeida.com\/\",\"logo\":{\"@type\":\"ImageObject\",\"inLanguage\":\"lt-LT\",\"@id\":\"https:\/\/jomeida.com\/#\/schema\/logo\/image\/\",\"url\":\"https:\/\/jomeida.com\/wp-content\/uploads\/jomeida-logo-500-000844.png\",\"contentUrl\":\"https:\/\/jomeida.com\/wp-content\/uploads\/jomeida-logo-500-000844.png\",\"width\":500,\"height\":181,\"caption\":\"JOMEIDA\"},\"image\":{\"@id\":\"https:\/\/jomeida.com\/#\/schema\/logo\/image\/\"}}]}<\/script>\n<!-- \/ Yoast SEO plugin. -->","yoast_head_json":{"title":"Susisiekite su mumis - Transporto paslaugos | JOMEIDA","description":"Susisiekite su mumis d\u0117l m\u016bs\u0173 perve\u017eimo paslaug\u0173. Esame \u010dia, kad pad\u0117tume jums efektyviais ir patikimais logistikos sprendimais.","robots":{"index":"index","follow":"follow","max-snippet":"max-snippet:-1","max-image-preview":"max-image-preview:large","max-video-preview":"max-video-preview:-1"},"canonical":"https:\/\/jomeida.com\/lt\/kontaktai\/","og_locale":"lt_LT","og_type":"article","og_title":"Susisiekite su mumis - Transporto paslaugos | JOMEIDA","og_description":"Susisiekite su mumis d\u0117l m\u016bs\u0173 perve\u017eimo paslaug\u0173. Esame \u010dia, kad pad\u0117tume jums efektyviais ir patikimais logistikos sprendimais.","og_url":"https:\/\/jomeida.com\/lt\/kontaktai\/","og_site_name":"JOMEIDA","article_modified_time":"2024-07-24T08:40:11+00:00","twitter_card":"summary_large_image","twitter_misc":{"Est. reading time":"1 minut\u0117"},"schema":{"@context":"https:\/\/schema.org","@graph":[{"@type":"WebPage","@id":"https:\/\/jomeida.com\/lt\/kontaktai\/","url":"https:\/\/jomeida.com\/lt\/kontaktai\/","name":"Susisiekite su mumis - Transporto paslaugos | JOMEIDA","isPartOf":{"@id":"https:\/\/jomeida.com\/#website"},"datePublished":"2024-07-16T10:37:27+00:00","dateModified":"2024-07-24T08:40:11+00:00","description":"Susisiekite su mumis d\u0117l m\u016bs\u0173 perve\u017eimo paslaug\u0173. Esame \u010dia, kad pad\u0117tume jums efektyviais ir patikimais logistikos sprendimais.","breadcrumb":{"@id":"https:\/\/jomeida.com\/lt\/kontaktai\/#breadcrumb"},"inLanguage":"lt-LT","potentialAction":[{"@type":"ReadAction","target":["https:\/\/jomeida.com\/lt\/kontaktai\/"]}]},{"@type":"BreadcrumbList","@id":"https:\/\/jomeida.com\/lt\/kontaktai\/#breadcrumb","itemListElement":[{"@type":"ListItem","position":1,"name":"Home","item":"https:\/\/jomeida.com\/lt\/"},{"@type":"ListItem","position":2,"name":"Kontaktai"}]},{"@type":"WebSite","@id":"https:\/\/jomeida.com\/#website","url":"https:\/\/jomeida.com\/","name":"JOMEIDA","description":"Krovini\u0173 gabenimai Europoje","publisher":{"@id":"https:\/\/jomeida.com\/#organization"},"potentialAction":[{"@type":"SearchAction","target":{"@type":"EntryPoint","urlTemplate":"https:\/\/jomeida.com\/?s={search_term_string}"},"query-input":"required name=search_term_string"}],"inLanguage":"lt-LT"},{"@type":"Organization","@id":"https:\/\/jomeida.com\/#organization","name":"JOMEIDA","url":"https:\/\/jomeida.com\/","logo":{"@type":"ImageObject","inLanguage":"lt-LT","@id":"https:\/\/jomeida.com\/#\/schema\/logo\/image\/","url":"https:\/\/jomeida.com\/wp-content\/uploads\/jomeida-logo-500-000844.png","contentUrl":"https:\/\/jomeida.com\/wp-content\/uploads\/jomeida-logo-500-000844.png","width":500,"height":181,"caption":"JOMEIDA"},"image":{"@id":"https:\/\/jomeida.com\/#\/schema\/logo\/image\/"}}]}},"_links":{"self":[{"href":"https:\/\/jomeida.com\/lt\/wp-json\/wp\/v2\/pages\/644"}],"collection":[{"href":"https:\/\/jomeida.com\/lt\/wp-json\/wp\/v2\/pages"}],"about":[{"href":"https:\/\/jomeida.com\/lt\/wp-json\/wp\/v2\/types\/page"}],"author":[{"embeddable":true,"href":"https:\/\/jomeida.com\/lt\/wp-json\/wp\/v2\/users\/5"}],"replies":[{"embeddable":true,"href":"https:\/\/jomeida.com\/lt\/wp-json\/wp\/v2\/comments?post=644"}],"version-history":[{"count":23,"href":"https:\/\/jomeida.com\/lt\/wp-json\/wp\/v2\/pages\/644\/revisions"}],"predecessor-version":[{"id":1048,"href":"https:\/\/jomeida.com\/lt\/wp-json\/wp\/v2\/pages\/644\/revisions\/1048"}],"wp:attachment":[{"href":"https:\/\/jomeida.com\/lt\/wp-json\/wp\/v2\/media?parent=644"}],"curies":[{"name":"wp","href":"https:\/\/api.w.org\/{rel}","templated":true}]}}