{"id":68,"date":"2020-08-09T18:49:41","date_gmt":"2020-08-09T20:49:41","guid":{"rendered":"https:\/\/jomeida.com\/?page_id=68"},"modified":"2024-07-24T08:35:51","modified_gmt":"2024-07-24T10:35:51","slug":"pilni-kroviniai-ftl","status":"publish","type":"page","link":"https:\/\/jomeida.com\/lt\/kroviniu-gabenimo-paslaugos\/pilni-kroviniai-ftl\/","title":{"rendered":"Piln\u0173 krovini\u0173 gabenimas (FTL)"},"content":{"rendered":"<p>[vc_row][vc_column css=&#8221;.vc_custom_1721200846535{margin-top: -50px !important;}&#8221; col_shadow=&#8221;box_shadow_enable:disable|shadow_horizontal:0|shadow_vertical:15|shadow_blur:50|shadow_spread:0|box_shadow_color:rgba(0%2C0%2C0%2C0.35)&#8221; col_shadow_hover=&#8221;box_shadow_enable:disable|shadow_horizontal:0|shadow_vertical:15|shadow_blur:50|shadow_spread:0|box_shadow_color:rgba(0%2C0%2C0%2C0.35)&#8221;]<div class=\"dfd-heading-shortcode\"><div class=\"dfd-heading-module-wrap  text-center style_01 dfd-heading-69e4f524bc37f dfd-disable-resposive-headings\" id=\"dfd-heading-69e4f524bc37f\" ><div class=\"inline-block\"><div class=\"dfd-heading-module\"><h1 class=\"widget-title dfd-title \" style=\"font-family:Open Sans; font-weight:600; font-style:normal; font-size: 42px; line-height: 57px; letter-spacing: 0.8px; \">Piln\u0173 krovini\u0173 gabenimas Vakar\u0173 Europoje<\/h1><div class=\"dfd-heading-delimiter\"><\/div><\/div><\/div><\/div><script type=\"text\/javascript\">\r\n\t\t\t\t\t\t\t\t\t(function($) {\r\n\t\t\t\t\t\t\t\t\t\t$(\"head\").append(\"<style>.dfd-heading-69e4f524bc37f.dfd-heading-module-wrap .dfd-heading-module .dfd-heading-delimiter {border-bottom-style:solid;border-bottom-width:1px;width:100px;border-bottom-color:#dddddd;}.dfd-heading-69e4f524bc37f .dfd-heading-module .widget-title {margin-top:16px;margin-bottom:16px;}.dfd-heading-69e4f524bc37f.dfd-heading-module-wrap .dfd-heading-module .dfd-heading-delimiter {margin-top:10px;margin-bottom:10px;}<\/style>\");\r\n\t\t\t\t\t\t\t\t\t})(jQuery);\r\n\t\t\t\t\t\t\t\t<\/script><\/div>[vc_column_text]\u201eJOMEIDA\u201c UAB nuosavais vilkikais vykdo piln\u0173 krovini\u0173 gabenimus (FTL) Vakar\u0173 Europos automobili\u0173 keliais. FTL &#8211; viena i\u0161 bendrov\u0117s autotransportu vykdom\u0173 veiklos sri\u010di\u0173, \u012f kuri\u0105 sukoncentruota did\u017eioji krovini\u0173 gabenimo u\u017esakym\u0173. Patyr\u0119 \u012fmon\u0117s tolim\u0173j\u0173 reis\u0173 vairuotojai leid\u017eia u\u017etikrinti, kad Klient\u0173 patik\u0117tas piln\u0173 krovini\u0173 gabenimas bus vykdomas skland\u017eiai ir laiku.<\/p>\n<p>Bendrov\u0117s transporto mar\u0161rutai driekiasi \u0160iaur\u0117s, Vakar\u0173, Vidurio ir Piet\u0173 Europos keliais. Krovinius pristatome \u012f skirtingas Europos \u0161alis, geografija plati: nuo Norvegijos \u0161iaur\u0117je iki Italijos, Ispanijos pietuose.<\/p>\n<p>Savalaikis gabenam\u0173 krovini\u0173 pristatymas tarptautiniais mar\u0161rutais u\u017etikrinamas nuosav\u0173 vilkik\u0173 parko, motyvuoti ir pareigingi vairuotojai-ekspeditoriai turi ilgamet\u0119 darbo patirt\u012f Vakar\u0173 Europoje. Piln\u0173 krovini\u0173 gabenimas bei kitos bendrov\u0117s transporto paslaugos teikiamos naudojant tik nuosavus, modernius bendrov\u0117s vilkikus, atitinkan\u010dius EURO 6 reikalavimus.<\/p>\n<p>\u012emon\u0117s transporto parke \u2013 daugiausiai \u201eMercedes-Benz\u201c, \u201eMAN\u201c ir \u201eVolvo\u201c vilkikai, atitinkantys auk\u0161tus ekologijos standartus, keliamus krovini\u0173 gabentojams ES direktyvomis. Visuose \u012fmon\u0117s vilkikuose yra \u012fdiegta moderni navigacijos ir krovinio steb\u0117jijmo sistema, u\u017etikrinanti, kad krovinys ir transporto priemon\u0117 b\u016bt\u0173 nuolatos stebima. U\u017esakov\u0173 patogumui galime suteikti ataskaitas apie krovinius <strong>Live<\/strong> re\u017eimu.<\/p>\n<p>Pilnus krovinius ve\u017eame standartin\u0117mis, tentu dengtomis puspriekab\u0117mis, kuri\u0173 t\u016bris nuo 85 m<sup>3<\/sup> iki 93 m<sup>3<\/sup>. Priklausomai nuo krovinio, \u012f puspriekab\u0119 kraunama iki 22 t svorio krovinys, arba iki 34 euro pale\u010di\u0173. Autokeli\u0173 transporte da\u017eniausiai naudojamos palet\u0117s (pad\u0117klai):<\/p>\n<ul>\n<li>euro palet\u0117s (EPAL), kuri\u0173 i\u0161matavimai: 1200\u00d7800 mm svoris iki 740 kg.<\/li>\n<li>suomi\u0161kos palet\u0117s (FIN PAL), kuri\u0173 i\u0161matavimai: 1200 x 1000 mm, svoris iki 925 kg.<\/li>\n<\/ul>\n<p>Atsi\u017evelgiant \u012f kliento poreikius, \u201eJOMEIDA\u201c autotransportas gabena \u012fvairaus tipo krovinius: buitin\u0119 technik\u0105, statybines med\u017eiagas, medienos gaminius, negendan\u010dius maisto produktus.<\/p>\n<p>Bendradarbiaujame su ekspedicin\u0117mis kompanijomis, \u012fmon\u0117mis, teikian\u010diomis muitin\u0117s ir kitas pasienio proced\u016br\u0173 paslaugas.[\/vc_column_text][\/vc_column][\/vc_row][vc_row][vc_column][\/vc_column][\/vc_row][vc_row][vc_column][\/vc_column][\/vc_row][vc_row][vc_column][\/vc_column][\/vc_row]<\/p>\n","protected":false},"excerpt":{"rendered":"<p>[vc_row][vc_column css=&#8221;.vc_custom_1721200846535{margin-top: -50px !important;}&#8221; col_shadow=&#8221;box_shadow_enable:disable|shadow_horizontal:0|shadow_vertical:15|shadow_blur:50|shadow_spread:0|box_shadow_color:rgba(0%2C0%2C0%2C0.35)&#8221; col_shadow_hover=&#8221;box_shadow_enable:disable|shadow_horizontal:0|shadow_vertical:15|shadow_blur:50|shadow_spread:0|box_shadow_color:rgba(0%2C0%2C0%2C0.35)&#8221;][vc_column_text]\u201eJOMEIDA\u201c UAB nuosavais vilkikais vykdo piln\u0173 krovini\u0173 gabenimus (FTL) Vakar\u0173 Europos automobili\u0173 keliais. FTL &#8211; viena i\u0161 bendrov\u0117s autotransportu vykdom\u0173 veiklos sri\u010di\u0173, \u012f kuri\u0105 sukoncentruota<\/p>\n","protected":false},"author":3,"featured_media":0,"parent":33,"menu_order":0,"comment_status":"closed","ping_status":"closed","template":"","meta":{"_monsterinsights_skip_tracking":false,"_monsterinsights_sitenote_active":false,"_monsterinsights_sitenote_note":"","_monsterinsights_sitenote_category":0,"footnotes":""},"yoast_head":"<!-- This site is optimized with the Yoast SEO plugin v23.0 - https:\/\/yoast.com\/wordpress\/plugins\/seo\/ -->\n<title>Piln\u0173 krovini\u0173 (FTL) gabenimas Vakar\u0173 Europoje | JOMEIDA<\/title>\n<meta name=\"description\" content=\"\u201eJOMEIDA\u201c efektyvios piln\u0173 krovini\u0173 (FTL) gabenimo paslaugos Europoje. U\u017etikriname laiku pristatomus krovinius naudodami savo puspriekabes.\" \/>\n<meta name=\"robots\" content=\"index, follow, max-snippet:-1, max-image-preview:large, max-video-preview:-1\" \/>\n<link rel=\"canonical\" href=\"https:\/\/jomeida.com\/lt\/kroviniu-gabenimo-paslaugos\/pilni-kroviniai-ftl\/\" \/>\n<meta property=\"og:locale\" content=\"lt_LT\" \/>\n<meta property=\"og:type\" content=\"article\" \/>\n<meta property=\"og:title\" content=\"Piln\u0173 krovini\u0173 (FTL) gabenimas Vakar\u0173 Europoje | JOMEIDA\" \/>\n<meta property=\"og:description\" content=\"\u201eJOMEIDA\u201c efektyvios piln\u0173 krovini\u0173 (FTL) gabenimo paslaugos Europoje. U\u017etikriname laiku pristatomus krovinius naudodami savo puspriekabes.\" \/>\n<meta property=\"og:url\" content=\"https:\/\/jomeida.com\/lt\/kroviniu-gabenimo-paslaugos\/pilni-kroviniai-ftl\/\" \/>\n<meta property=\"og:site_name\" content=\"JOMEIDA\" \/>\n<meta property=\"article:modified_time\" content=\"2024-07-24T10:35:51+00:00\" \/>\n<meta name=\"twitter:card\" content=\"summary_large_image\" \/>\n<meta name=\"twitter:label1\" content=\"Est. reading time\" \/>\n\t<meta name=\"twitter:data1\" content=\"2 minut\u0117s\" \/>\n<script type=\"application\/ld+json\" class=\"yoast-schema-graph\">{\"@context\":\"https:\/\/schema.org\",\"@graph\":[{\"@type\":\"WebPage\",\"@id\":\"https:\/\/jomeida.com\/lt\/kroviniu-gabenimo-paslaugos\/pilni-kroviniai-ftl\/\",\"url\":\"https:\/\/jomeida.com\/lt\/kroviniu-gabenimo-paslaugos\/pilni-kroviniai-ftl\/\",\"name\":\"Piln\u0173 krovini\u0173 (FTL) gabenimas Vakar\u0173 Europoje | JOMEIDA\",\"isPartOf\":{\"@id\":\"https:\/\/jomeida.com\/#website\"},\"datePublished\":\"2020-08-09T20:49:41+00:00\",\"dateModified\":\"2024-07-24T10:35:51+00:00\",\"description\":\"\u201eJOMEIDA\u201c efektyvios piln\u0173 krovini\u0173 (FTL) gabenimo paslaugos Europoje. U\u017etikriname laiku pristatomus krovinius naudodami savo puspriekabes.\",\"breadcrumb\":{\"@id\":\"https:\/\/jomeida.com\/lt\/kroviniu-gabenimo-paslaugos\/pilni-kroviniai-ftl\/#breadcrumb\"},\"inLanguage\":\"lt-LT\",\"potentialAction\":[{\"@type\":\"ReadAction\",\"target\":[\"https:\/\/jomeida.com\/lt\/kroviniu-gabenimo-paslaugos\/pilni-kroviniai-ftl\/\"]}]},{\"@type\":\"BreadcrumbList\",\"@id\":\"https:\/\/jomeida.com\/lt\/kroviniu-gabenimo-paslaugos\/pilni-kroviniai-ftl\/#breadcrumb\",\"itemListElement\":[{\"@type\":\"ListItem\",\"position\":1,\"name\":\"Home\",\"item\":\"https:\/\/jomeida.com\/lt\/\"},{\"@type\":\"ListItem\",\"position\":2,\"name\":\"Kroviniu gabenimas autotransportu\",\"item\":\"https:\/\/jomeida.com\/lt\/kroviniu-gabenimo-paslaugos\/\"},{\"@type\":\"ListItem\",\"position\":3,\"name\":\"Piln\u0173 krovini\u0173 gabenimas (FTL)\"}]},{\"@type\":\"WebSite\",\"@id\":\"https:\/\/jomeida.com\/#website\",\"url\":\"https:\/\/jomeida.com\/\",\"name\":\"JOMEIDA\",\"description\":\"Krovini\u0173 gabenimai Europoje\",\"publisher\":{\"@id\":\"https:\/\/jomeida.com\/#organization\"},\"potentialAction\":[{\"@type\":\"SearchAction\",\"target\":{\"@type\":\"EntryPoint\",\"urlTemplate\":\"https:\/\/jomeida.com\/?s={search_term_string}\"},\"query-input\":\"required name=search_term_string\"}],\"inLanguage\":\"lt-LT\"},{\"@type\":\"Organization\",\"@id\":\"https:\/\/jomeida.com\/#organization\",\"name\":\"JOMEIDA\",\"url\":\"https:\/\/jomeida.com\/\",\"logo\":{\"@type\":\"ImageObject\",\"inLanguage\":\"lt-LT\",\"@id\":\"https:\/\/jomeida.com\/#\/schema\/logo\/image\/\",\"url\":\"https:\/\/jomeida.com\/wp-content\/uploads\/jomeida-logo-500-000844.png\",\"contentUrl\":\"https:\/\/jomeida.com\/wp-content\/uploads\/jomeida-logo-500-000844.png\",\"width\":500,\"height\":181,\"caption\":\"JOMEIDA\"},\"image\":{\"@id\":\"https:\/\/jomeida.com\/#\/schema\/logo\/image\/\"}}]}<\/script>\n<!-- \/ Yoast SEO plugin. -->","yoast_head_json":{"title":"Piln\u0173 krovini\u0173 (FTL) gabenimas Vakar\u0173 Europoje | JOMEIDA","description":"\u201eJOMEIDA\u201c efektyvios piln\u0173 krovini\u0173 (FTL) gabenimo paslaugos Europoje. U\u017etikriname laiku pristatomus krovinius naudodami savo puspriekabes.","robots":{"index":"index","follow":"follow","max-snippet":"max-snippet:-1","max-image-preview":"max-image-preview:large","max-video-preview":"max-video-preview:-1"},"canonical":"https:\/\/jomeida.com\/lt\/kroviniu-gabenimo-paslaugos\/pilni-kroviniai-ftl\/","og_locale":"lt_LT","og_type":"article","og_title":"Piln\u0173 krovini\u0173 (FTL) gabenimas Vakar\u0173 Europoje | JOMEIDA","og_description":"\u201eJOMEIDA\u201c efektyvios piln\u0173 krovini\u0173 (FTL) gabenimo paslaugos Europoje. U\u017etikriname laiku pristatomus krovinius naudodami savo puspriekabes.","og_url":"https:\/\/jomeida.com\/lt\/kroviniu-gabenimo-paslaugos\/pilni-kroviniai-ftl\/","og_site_name":"JOMEIDA","article_modified_time":"2024-07-24T10:35:51+00:00","twitter_card":"summary_large_image","twitter_misc":{"Est. reading time":"2 minut\u0117s"},"schema":{"@context":"https:\/\/schema.org","@graph":[{"@type":"WebPage","@id":"https:\/\/jomeida.com\/lt\/kroviniu-gabenimo-paslaugos\/pilni-kroviniai-ftl\/","url":"https:\/\/jomeida.com\/lt\/kroviniu-gabenimo-paslaugos\/pilni-kroviniai-ftl\/","name":"Piln\u0173 krovini\u0173 (FTL) gabenimas Vakar\u0173 Europoje | JOMEIDA","isPartOf":{"@id":"https:\/\/jomeida.com\/#website"},"datePublished":"2020-08-09T20:49:41+00:00","dateModified":"2024-07-24T10:35:51+00:00","description":"\u201eJOMEIDA\u201c efektyvios piln\u0173 krovini\u0173 (FTL) gabenimo paslaugos Europoje. U\u017etikriname laiku pristatomus krovinius naudodami savo puspriekabes.","breadcrumb":{"@id":"https:\/\/jomeida.com\/lt\/kroviniu-gabenimo-paslaugos\/pilni-kroviniai-ftl\/#breadcrumb"},"inLanguage":"lt-LT","potentialAction":[{"@type":"ReadAction","target":["https:\/\/jomeida.com\/lt\/kroviniu-gabenimo-paslaugos\/pilni-kroviniai-ftl\/"]}]},{"@type":"BreadcrumbList","@id":"https:\/\/jomeida.com\/lt\/kroviniu-gabenimo-paslaugos\/pilni-kroviniai-ftl\/#breadcrumb","itemListElement":[{"@type":"ListItem","position":1,"name":"Home","item":"https:\/\/jomeida.com\/lt\/"},{"@type":"ListItem","position":2,"name":"Kroviniu gabenimas autotransportu","item":"https:\/\/jomeida.com\/lt\/kroviniu-gabenimo-paslaugos\/"},{"@type":"ListItem","position":3,"name":"Piln\u0173 krovini\u0173 gabenimas (FTL)"}]},{"@type":"WebSite","@id":"https:\/\/jomeida.com\/#website","url":"https:\/\/jomeida.com\/","name":"JOMEIDA","description":"Krovini\u0173 gabenimai Europoje","publisher":{"@id":"https:\/\/jomeida.com\/#organization"},"potentialAction":[{"@type":"SearchAction","target":{"@type":"EntryPoint","urlTemplate":"https:\/\/jomeida.com\/?s={search_term_string}"},"query-input":"required name=search_term_string"}],"inLanguage":"lt-LT"},{"@type":"Organization","@id":"https:\/\/jomeida.com\/#organization","name":"JOMEIDA","url":"https:\/\/jomeida.com\/","logo":{"@type":"ImageObject","inLanguage":"lt-LT","@id":"https:\/\/jomeida.com\/#\/schema\/logo\/image\/","url":"https:\/\/jomeida.com\/wp-content\/uploads\/jomeida-logo-500-000844.png","contentUrl":"https:\/\/jomeida.com\/wp-content\/uploads\/jomeida-logo-500-000844.png","width":500,"height":181,"caption":"JOMEIDA"},"image":{"@id":"https:\/\/jomeida.com\/#\/schema\/logo\/image\/"}}]}},"_links":{"self":[{"href":"https:\/\/jomeida.com\/lt\/wp-json\/wp\/v2\/pages\/68"}],"collection":[{"href":"https:\/\/jomeida.com\/lt\/wp-json\/wp\/v2\/pages"}],"about":[{"href":"https:\/\/jomeida.com\/lt\/wp-json\/wp\/v2\/types\/page"}],"author":[{"embeddable":true,"href":"https:\/\/jomeida.com\/lt\/wp-json\/wp\/v2\/users\/3"}],"replies":[{"embeddable":true,"href":"https:\/\/jomeida.com\/lt\/wp-json\/wp\/v2\/comments?post=68"}],"version-history":[{"count":14,"href":"https:\/\/jomeida.com\/lt\/wp-json\/wp\/v2\/pages\/68\/revisions"}],"predecessor-version":[{"id":976,"href":"https:\/\/jomeida.com\/lt\/wp-json\/wp\/v2\/pages\/68\/revisions\/976"}],"up":[{"embeddable":true,"href":"https:\/\/jomeida.com\/lt\/wp-json\/wp\/v2\/pages\/33"}],"wp:attachment":[{"href":"https:\/\/jomeida.com\/lt\/wp-json\/wp\/v2\/media?parent=68"}],"curies":[{"name":"wp","href":"https:\/\/api.w.org\/{rel}","templated":true}]}}