{"id":8,"date":"2020-08-01T04:35:15","date_gmt":"2020-08-01T06:35:15","guid":{"rendered":"https:\/\/jomeida.com\/?page_id=8"},"modified":"2024-07-18T08:52:35","modified_gmt":"2024-07-18T10:52:35","slug":"apie","status":"publish","type":"page","link":"https:\/\/jomeida.com\/lt\/apie\/","title":{"rendered":"Apie"},"content":{"rendered":"<p>[vc_row][vc_column css=&#8221;.vc_custom_1721200779113{margin-top: -50px !important;}&#8221; col_shadow=&#8221;box_shadow_enable:disable|shadow_horizontal:0|shadow_vertical:15|shadow_blur:50|shadow_spread:0|box_shadow_color:rgba(0%2C0%2C0%2C0.35)&#8221; col_shadow_hover=&#8221;box_shadow_enable:disable|shadow_horizontal:0|shadow_vertical:15|shadow_blur:50|shadow_spread:0|box_shadow_color:rgba(0%2C0%2C0%2C0.35)&#8221;]<div class=\"dfd-heading-shortcode\"><div class=\"dfd-heading-module-wrap  text-center style_01 dfd-heading-69e4de6e7330e dfd-disable-resposive-headings\" id=\"dfd-heading-69e4de6e7330e\" ><div class=\"inline-block\"><div class=\"dfd-heading-module\"><h1 class=\"widget-title dfd-title \" style=\"font-family:Open Sans; font-weight:600; font-style:normal; font-size: 42px; color: #28262b !important; line-height: 57px; letter-spacing: 0.8px; \">Steb\u0117sena ir ataskait\u0173 teikimas<\/h1><h2 class=\"widget-sub-title dfd-sub-title \" style=\"font-family:Open Sans; font-weight:400; font-style:normal; font-size: 30px; color: #dd6b33 !important; line-height: 32px; letter-spacing: 1px; \">Skaidrus paslaug\u0173 teikimas<\/h2><div class=\"dfd-heading-delimiter\"><\/div><\/div><\/div><\/div><script type=\"text\/javascript\">\r\n\t\t\t\t\t\t\t\t\t(function($) {\r\n\t\t\t\t\t\t\t\t\t\t$(\"head\").append(\"<style>.dfd-heading-69e4de6e7330e.dfd-heading-module-wrap .dfd-heading-module .dfd-heading-delimiter {border-bottom-style:solid;border-bottom-width:1px;width:100px;border-bottom-color:#dddddd;}.dfd-heading-69e4de6e7330e .dfd-heading-module .widget-title {margin-top:16px;margin-bottom:2px;}.dfd-heading-69e4de6e7330e .dfd-heading-module .widget-sub-title {margin-top:2px;margin-bottom:8px;}.dfd-heading-69e4de6e7330e.dfd-heading-module-wrap .dfd-heading-module .dfd-heading-delimiter {margin-top:10px;margin-bottom:10px;}@media (max-width: 1279px) and (min-width: 1024px){.dfd-heading-69e4de6e7330e .dfd-title{font-size: 40px !important;letter-spacing: 1px !important;line-height: 44px !important;}}@media (max-width: 1023px) and (min-width: 800px){.dfd-heading-69e4de6e7330e .dfd-title{font-size: 30px !important;line-height: 32px !important;}}@media (max-width: 799px){.dfd-heading-69e4de6e7330e .dfd-title{font-size: 24px !important;line-height: 26px !important;}}@media (max-width: 1279px) and (min-width: 1024px){.dfd-heading-69e4de6e7330e .dfd-sub-title{font-size: 30px !important;line-height: 32px !important;}}@media (max-width: 1023px) and (min-width: 800px){.dfd-heading-69e4de6e7330e .dfd-sub-title{font-size: 24px !important;line-height: 26px !important;}}@media (max-width: 799px){.dfd-heading-69e4de6e7330e .dfd-sub-title{font-size: 20px !important;line-height: 22px !important;}}<\/style>\");\r\n\t\t\t\t\t\t\t\t\t})(jQuery);\r\n\t\t\t\t\t\t\t\t<\/script><\/div>[vc_column_text]M\u016bs\u0173 \u012fsipareigojimas u\u017etikrinti skaidrum\u0105 apima visas m\u016bs\u0173 operacijas. Kiekviename m\u016bs\u0173 sunkve\u017eimyje \u012frengtos moderniausios navigacijos ir krovini\u0173 steb\u0117jimo sistemos, tod\u0117l j\u016bs\u0173 patogumui galime teikti krovini\u0173 ataskaitas realiuoju laiku. &#8222;JOMEIDA&#8221; efektyviai perkrauna \u012fvairius krovinius, \u012fskaitant buitin\u0119 technik\u0105, statybines med\u017eiagas, medienos gaminius, negendan\u010dius maisto produktus ir net subtilius, specializuotus krovinius. Bendradarbiavimas su ekspedicijos \u012fmon\u0117mis ir muitin\u0117s paslaug\u0173 teik\u0117jais dar labiau i\u0161ple\u010dia m\u016bs\u0173 teikiam\u0173 paslaug\u0173 spektr\u0105, u\u017etikrindamas visapusi\u0161k\u0105 sprendim\u0105 j\u016bs\u0173 krovini\u0173 gabenimo poreikiams.[\/vc_column_text]<div class=\"dfd-heading-shortcode\"><div class=\"dfd-heading-module-wrap  text-center style_01 dfd-heading-69e4de6e73596 dfd-disable-resposive-headings\" id=\"dfd-heading-69e4de6e73596\" ><div class=\"inline-block\"><div class=\"dfd-heading-module\"><h3 class=\"widget-title dfd-title \" style=\"font-family:Open Sans; font-weight:600; font-style:normal; font-size: 42px; color: #28262b !important; line-height: 30px; letter-spacing: 0.8px; \">Kod\u0117l verta rinktis UAB &#8222;JOMEIDA&#8221;?<\/h3><div class=\"dfd-heading-delimiter\"><\/div><\/div><\/div><\/div><script type=\"text\/javascript\">\r\n\t\t\t\t\t\t\t\t\t(function($) {\r\n\t\t\t\t\t\t\t\t\t\t$(\"head\").append(\"<style>.dfd-heading-69e4de6e73596.dfd-heading-module-wrap .dfd-heading-module .dfd-heading-delimiter {border-bottom-style:solid;border-bottom-width:1px;width:100px;border-bottom-color:#dddddd;}.dfd-heading-69e4de6e73596 .dfd-heading-module .widget-title {margin-top:16px;margin-bottom:2px;}.dfd-heading-69e4de6e73596.dfd-heading-module-wrap .dfd-heading-module .dfd-heading-delimiter {margin-top:10px;margin-bottom:10px;}<\/style>\");\r\n\t\t\t\t\t\t\t\t\t})(jQuery);\r\n\t\t\t\t\t\t\t\t<\/script><\/div>[\/vc_column][\/vc_row][vc_row][vc_column][vc_column_text]<strong>\u012erodyta kompetencija:<\/strong> Mes turime ilgamet\u0119 patirt\u012f \u0161ioje srityje, tod\u0117l puikiai i\u0161manome krovini\u0173 gabenimo specifik\u0105 ir esame patikimas partneris.<\/p>\n<p><strong>Moderniausias transporto priemoni\u0173 parkas:<\/strong> M\u016bs\u0173 modern\u016bs sunkve\u017eimiai atitinka naujausius aplinkosaugos standartus, juose \u012frengtos pa\u017eangios ry\u0161i\u0173 ir steb\u0117jimo sistemos.<\/p>\n<p><strong>Atsidavusi komanda:<\/strong> M\u016bs\u0173 motyvuoti ir darb\u0161t\u016bs vairuotojai bei logistikos ekspertai u\u017etikrina, kad j\u016bs\u0173 krovinys b\u016bt\u0173 pristatytas laiku ir nepriekai\u0161tingos b\u016bkl\u0117s.<\/p>\n<p><strong>Lanks\u010dios paslaugos:<\/strong> Nesvarbu, ar tai b\u016bt\u0173 pilni sunkve\u017eimiai, ar ma\u017eesni nei sunkve\u017eimi\u0173 kroviniai, mes galime lanks\u010diai prisitaikyti prie j\u016bs\u0173 unikali\u0173 krovini\u0173 poreiki\u0173.<\/p>\n<p><strong>Skaidri veikla:<\/strong> Mes tikime atviru bendravimu ir si\u016blome realiuoju laiku teikiamas krovini\u0173 ataskaitas, kad b\u016btum\u0117te informuoti kiekviename \u017eingsnyje.<\/p>\n<p><strong>Visapusi\u0161ki sprendimai:<\/strong> Nuo nam\u0173 apyvokos daikt\u0173 iki specializuot\u0173 krovini\u0173 &#8211; mes tvarkome visus krovinius, tod\u0117l esame vieno langelio sprendimas j\u016bs\u0173 krovini\u0173 ve\u017eimo poreikiams patenkinti.<\/p>\n<p>Pasirinkite UAB &#8222;JOMEIDA&#8221; savo krovini\u0173 perve\u017eimui ir patirkite patikimum\u0105 bei efektyvum\u0105, kurie mus i\u0161skiria \u0161ioje srityje.[\/vc_column_text][\/vc_column][\/vc_row][vc_row][vc_column][\/vc_column][\/vc_row][vc_row][vc_column][\/vc_column][\/vc_row]<\/p>\n","protected":false},"excerpt":{"rendered":"<p>[vc_row][vc_column css=&#8221;.vc_custom_1721200779113{margin-top: -50px !important;}&#8221; col_shadow=&#8221;box_shadow_enable:disable|shadow_horizontal:0|shadow_vertical:15|shadow_blur:50|shadow_spread:0|box_shadow_color:rgba(0%2C0%2C0%2C0.35)&#8221; col_shadow_hover=&#8221;box_shadow_enable:disable|shadow_horizontal:0|shadow_vertical:15|shadow_blur:50|shadow_spread:0|box_shadow_color:rgba(0%2C0%2C0%2C0.35)&#8221;][vc_column_text]M\u016bs\u0173 \u012fsipareigojimas u\u017etikrinti skaidrum\u0105 apima visas m\u016bs\u0173 operacijas. Kiekviename m\u016bs\u0173 sunkve\u017eimyje \u012frengtos moderniausios navigacijos ir krovini\u0173 steb\u0117jimo sistemos, tod\u0117l j\u016bs\u0173 patogumui galime teikti krovini\u0173 ataskaitas<\/p>\n","protected":false},"author":3,"featured_media":0,"parent":0,"menu_order":0,"comment_status":"closed","ping_status":"closed","template":"","meta":{"_monsterinsights_skip_tracking":false,"_monsterinsights_sitenote_active":false,"_monsterinsights_sitenote_note":"","_monsterinsights_sitenote_category":0,"footnotes":""},"yoast_head":"<!-- This site is optimized with the Yoast SEO plugin v23.0 - https:\/\/yoast.com\/wordpress\/plugins\/seo\/ -->\n<title>Krovini\u0173 transporto paslaugos | JOMEIDA<\/title>\n<meta name=\"description\" content=\"\u201eJOMEIDA\u201c \u012fsipareigojimas skaidriam ir efektyviam krovinio transportui. M\u016bs\u0173 flotil\u0117 u\u017etikrina laiku pristatym\u0105 su realiu steb\u0117jimu.\" \/>\n<meta name=\"robots\" content=\"index, follow, max-snippet:-1, max-image-preview:large, max-video-preview:-1\" \/>\n<link rel=\"canonical\" href=\"https:\/\/jomeida.com\/lt\/apie\/\" \/>\n<meta property=\"og:locale\" content=\"lt_LT\" \/>\n<meta property=\"og:type\" content=\"article\" \/>\n<meta property=\"og:title\" content=\"Krovini\u0173 transporto paslaugos | JOMEIDA\" \/>\n<meta property=\"og:description\" content=\"\u201eJOMEIDA\u201c \u012fsipareigojimas skaidriam ir efektyviam krovinio transportui. M\u016bs\u0173 flotil\u0117 u\u017etikrina laiku pristatym\u0105 su realiu steb\u0117jimu.\" \/>\n<meta property=\"og:url\" content=\"https:\/\/jomeida.com\/lt\/apie\/\" \/>\n<meta property=\"og:site_name\" content=\"JOMEIDA\" \/>\n<meta property=\"article:modified_time\" content=\"2024-07-18T10:52:35+00:00\" \/>\n<meta property=\"og:image\" content=\"https:\/\/jomeida.com\/wp-content\/uploads\/jomeida-ftl-pilni-ltl-daliniai-kroviniai-gabenimas-autokeliai-transportas-puspriekabe-vakaru-europa-skandinavija-baltijos-salys.jpg\" \/>\n\t<meta property=\"og:image:width\" content=\"2048\" \/>\n\t<meta property=\"og:image:height\" content=\"1150\" \/>\n\t<meta property=\"og:image:type\" content=\"image\/jpeg\" \/>\n<meta name=\"twitter:card\" content=\"summary_large_image\" \/>\n<meta name=\"twitter:label1\" content=\"Est. reading time\" \/>\n\t<meta name=\"twitter:data1\" content=\"2 minut\u0117s\" \/>\n<script type=\"application\/ld+json\" class=\"yoast-schema-graph\">{\"@context\":\"https:\/\/schema.org\",\"@graph\":[{\"@type\":\"WebPage\",\"@id\":\"https:\/\/jomeida.com\/lt\/apie\/\",\"url\":\"https:\/\/jomeida.com\/lt\/apie\/\",\"name\":\"Krovini\u0173 transporto paslaugos | JOMEIDA\",\"isPartOf\":{\"@id\":\"https:\/\/jomeida.com\/#website\"},\"datePublished\":\"2020-08-01T06:35:15+00:00\",\"dateModified\":\"2024-07-18T10:52:35+00:00\",\"description\":\"\u201eJOMEIDA\u201c \u012fsipareigojimas skaidriam ir efektyviam krovinio transportui. M\u016bs\u0173 flotil\u0117 u\u017etikrina laiku pristatym\u0105 su realiu steb\u0117jimu.\",\"breadcrumb\":{\"@id\":\"https:\/\/jomeida.com\/lt\/apie\/#breadcrumb\"},\"inLanguage\":\"lt-LT\",\"potentialAction\":[{\"@type\":\"ReadAction\",\"target\":[\"https:\/\/jomeida.com\/lt\/apie\/\"]}]},{\"@type\":\"BreadcrumbList\",\"@id\":\"https:\/\/jomeida.com\/lt\/apie\/#breadcrumb\",\"itemListElement\":[{\"@type\":\"ListItem\",\"position\":1,\"name\":\"Home\",\"item\":\"https:\/\/jomeida.com\/lt\/\"},{\"@type\":\"ListItem\",\"position\":2,\"name\":\"Apie\"}]},{\"@type\":\"WebSite\",\"@id\":\"https:\/\/jomeida.com\/#website\",\"url\":\"https:\/\/jomeida.com\/\",\"name\":\"JOMEIDA\",\"description\":\"Krovini\u0173 gabenimai Europoje\",\"publisher\":{\"@id\":\"https:\/\/jomeida.com\/#organization\"},\"potentialAction\":[{\"@type\":\"SearchAction\",\"target\":{\"@type\":\"EntryPoint\",\"urlTemplate\":\"https:\/\/jomeida.com\/?s={search_term_string}\"},\"query-input\":\"required name=search_term_string\"}],\"inLanguage\":\"lt-LT\"},{\"@type\":\"Organization\",\"@id\":\"https:\/\/jomeida.com\/#organization\",\"name\":\"JOMEIDA\",\"url\":\"https:\/\/jomeida.com\/\",\"logo\":{\"@type\":\"ImageObject\",\"inLanguage\":\"lt-LT\",\"@id\":\"https:\/\/jomeida.com\/#\/schema\/logo\/image\/\",\"url\":\"https:\/\/jomeida.com\/wp-content\/uploads\/jomeida-logo-500-000844.png\",\"contentUrl\":\"https:\/\/jomeida.com\/wp-content\/uploads\/jomeida-logo-500-000844.png\",\"width\":500,\"height\":181,\"caption\":\"JOMEIDA\"},\"image\":{\"@id\":\"https:\/\/jomeida.com\/#\/schema\/logo\/image\/\"}}]}<\/script>\n<!-- \/ Yoast SEO plugin. -->","yoast_head_json":{"title":"Krovini\u0173 transporto paslaugos | JOMEIDA","description":"\u201eJOMEIDA\u201c \u012fsipareigojimas skaidriam ir efektyviam krovinio transportui. M\u016bs\u0173 flotil\u0117 u\u017etikrina laiku pristatym\u0105 su realiu steb\u0117jimu.","robots":{"index":"index","follow":"follow","max-snippet":"max-snippet:-1","max-image-preview":"max-image-preview:large","max-video-preview":"max-video-preview:-1"},"canonical":"https:\/\/jomeida.com\/lt\/apie\/","og_locale":"lt_LT","og_type":"article","og_title":"Krovini\u0173 transporto paslaugos | JOMEIDA","og_description":"\u201eJOMEIDA\u201c \u012fsipareigojimas skaidriam ir efektyviam krovinio transportui. M\u016bs\u0173 flotil\u0117 u\u017etikrina laiku pristatym\u0105 su realiu steb\u0117jimu.","og_url":"https:\/\/jomeida.com\/lt\/apie\/","og_site_name":"JOMEIDA","article_modified_time":"2024-07-18T10:52:35+00:00","og_image":[{"width":2048,"height":1150,"url":"https:\/\/jomeida.com\/wp-content\/uploads\/jomeida-ftl-pilni-ltl-daliniai-kroviniai-gabenimas-autokeliai-transportas-puspriekabe-vakaru-europa-skandinavija-baltijos-salys.jpg","type":"image\/jpeg"}],"twitter_card":"summary_large_image","twitter_misc":{"Est. reading time":"2 minut\u0117s"},"schema":{"@context":"https:\/\/schema.org","@graph":[{"@type":"WebPage","@id":"https:\/\/jomeida.com\/lt\/apie\/","url":"https:\/\/jomeida.com\/lt\/apie\/","name":"Krovini\u0173 transporto paslaugos | JOMEIDA","isPartOf":{"@id":"https:\/\/jomeida.com\/#website"},"datePublished":"2020-08-01T06:35:15+00:00","dateModified":"2024-07-18T10:52:35+00:00","description":"\u201eJOMEIDA\u201c \u012fsipareigojimas skaidriam ir efektyviam krovinio transportui. M\u016bs\u0173 flotil\u0117 u\u017etikrina laiku pristatym\u0105 su realiu steb\u0117jimu.","breadcrumb":{"@id":"https:\/\/jomeida.com\/lt\/apie\/#breadcrumb"},"inLanguage":"lt-LT","potentialAction":[{"@type":"ReadAction","target":["https:\/\/jomeida.com\/lt\/apie\/"]}]},{"@type":"BreadcrumbList","@id":"https:\/\/jomeida.com\/lt\/apie\/#breadcrumb","itemListElement":[{"@type":"ListItem","position":1,"name":"Home","item":"https:\/\/jomeida.com\/lt\/"},{"@type":"ListItem","position":2,"name":"Apie"}]},{"@type":"WebSite","@id":"https:\/\/jomeida.com\/#website","url":"https:\/\/jomeida.com\/","name":"JOMEIDA","description":"Krovini\u0173 gabenimai Europoje","publisher":{"@id":"https:\/\/jomeida.com\/#organization"},"potentialAction":[{"@type":"SearchAction","target":{"@type":"EntryPoint","urlTemplate":"https:\/\/jomeida.com\/?s={search_term_string}"},"query-input":"required name=search_term_string"}],"inLanguage":"lt-LT"},{"@type":"Organization","@id":"https:\/\/jomeida.com\/#organization","name":"JOMEIDA","url":"https:\/\/jomeida.com\/","logo":{"@type":"ImageObject","inLanguage":"lt-LT","@id":"https:\/\/jomeida.com\/#\/schema\/logo\/image\/","url":"https:\/\/jomeida.com\/wp-content\/uploads\/jomeida-logo-500-000844.png","contentUrl":"https:\/\/jomeida.com\/wp-content\/uploads\/jomeida-logo-500-000844.png","width":500,"height":181,"caption":"JOMEIDA"},"image":{"@id":"https:\/\/jomeida.com\/#\/schema\/logo\/image\/"}}]}},"_links":{"self":[{"href":"https:\/\/jomeida.com\/lt\/wp-json\/wp\/v2\/pages\/8"}],"collection":[{"href":"https:\/\/jomeida.com\/lt\/wp-json\/wp\/v2\/pages"}],"about":[{"href":"https:\/\/jomeida.com\/lt\/wp-json\/wp\/v2\/types\/page"}],"author":[{"embeddable":true,"href":"https:\/\/jomeida.com\/lt\/wp-json\/wp\/v2\/users\/3"}],"replies":[{"embeddable":true,"href":"https:\/\/jomeida.com\/lt\/wp-json\/wp\/v2\/comments?post=8"}],"version-history":[{"count":33,"href":"https:\/\/jomeida.com\/lt\/wp-json\/wp\/v2\/pages\/8\/revisions"}],"predecessor-version":[{"id":974,"href":"https:\/\/jomeida.com\/lt\/wp-json\/wp\/v2\/pages\/8\/revisions\/974"}],"wp:attachment":[{"href":"https:\/\/jomeida.com\/lt\/wp-json\/wp\/v2\/media?parent=8"}],"curies":[{"name":"wp","href":"https:\/\/api.w.org\/{rel}","templated":true}]}}