{"id":81,"date":"2020-08-09T19:18:19","date_gmt":"2020-08-09T21:18:19","guid":{"rendered":"https:\/\/jomeida.com\/?page_id=81"},"modified":"2024-07-24T08:33:59","modified_gmt":"2024-07-24T10:33:59","slug":"daliniai-kroviniai-ltl","status":"publish","type":"page","link":"https:\/\/jomeida.com\/lt\/kroviniu-gabenimo-paslaugos\/daliniai-kroviniai-ltl\/","title":{"rendered":"Dalini\u0173 krovini\u0173 gabenimas (LTL)"},"content":{"rendered":"<p>[vc_row][vc_column css=&#8221;.vc_custom_1721200874284{margin-top: -50px !important;}&#8221; col_shadow=&#8221;box_shadow_enable:disable|shadow_horizontal:0|shadow_vertical:15|shadow_blur:50|shadow_spread:0|box_shadow_color:rgba(0%2C0%2C0%2C0.35)&#8221; col_shadow_hover=&#8221;box_shadow_enable:disable|shadow_horizontal:0|shadow_vertical:15|shadow_blur:50|shadow_spread:0|box_shadow_color:rgba(0%2C0%2C0%2C0.35)&#8221;]<div class=\"dfd-heading-shortcode\"><div class=\"dfd-heading-module-wrap  text-center style_01 dfd-heading-69e4f7b02229f dfd-disable-resposive-headings\" id=\"dfd-heading-69e4f7b02229f\" ><div class=\"inline-block\"><div class=\"dfd-heading-module\"><h1 class=\"widget-title dfd-title \" style=\"font-family:Open Sans; font-weight:600; font-style:normal; font-size: 42px; line-height: 57px; letter-spacing: 0.8px; \">Dalini\u0173 krovini\u0173 gabenimas Vakar\u0173 Europoje<\/h1><div class=\"dfd-heading-delimiter\"><\/div><\/div><\/div><\/div><script type=\"text\/javascript\">\r\n\t\t\t\t\t\t\t\t\t(function($) {\r\n\t\t\t\t\t\t\t\t\t\t$(\"head\").append(\"<style>.dfd-heading-69e4f7b02229f.dfd-heading-module-wrap .dfd-heading-module .dfd-heading-delimiter {border-bottom-style:solid;border-bottom-width:1px;width:100px;border-bottom-color:#dddddd;}.dfd-heading-69e4f7b02229f .dfd-heading-module .widget-title {margin-top:16px;margin-bottom:16px;}.dfd-heading-69e4f7b02229f.dfd-heading-module-wrap .dfd-heading-module .dfd-heading-delimiter {margin-top:10px;margin-bottom:10px;}<\/style>\");\r\n\t\t\t\t\t\t\t\t\t})(jQuery);\r\n\t\t\t\t\t\t\t\t<\/script><\/div>[vc_column_text]\u201eJOMEIDA\u201c UAB nuosavais vilkikais vykdo dalini\u0173 krovini\u0173 gabenimus (LTL) automobili\u0173 keliais Vakar\u0173 Europje. Bendrov\u0117s veiklos strategijoje daliniai kroviniai neu\u017eima pagrindinio autogabenim\u0173 srauto, ta\u010diau tai nerei\u0161kia, kad \u0161i\u0105 paslaug\u0105 mes atliekame nekokybi\u0161kai. Pastoviais mar\u0161rutais, kurie da\u017eniausiai driekiasi Beneliukso, Pranc\u016bzijos, Vokietijos keliais, bendrov\u0117 gali u\u017etikrinti, kad perve\u017eimas b\u016bt\u0173 atliekamas savalaikiaia, pagal visus reikalavimus, laikantis vis\u0173 transportavimo taisykli\u0173.<\/p>\n<p>Kadangi LTL gabenami kroviniai neu\u017eima visos vietos sunkve\u017eimyje ar puspriekab\u0117je, juos deriname prie kit\u0173 krovini\u0173 ir konstruojame atitinkam\u0105 mar\u0161rut\u0105. Patyr\u0119 \u012fmon\u0117s logistikos specialistai, kartu su tolim\u0173j\u0173 reis\u0173 vairuotojais leid\u017eia u\u017etikrinti, kad Klient\u0173 patik\u0117tas dalini\u0173 krovini\u0173 gabenimas bus vykdomas skland\u017eiai ir laiku.<\/p>\n<p>Krovinius pristatome \u012f skirtingas Europos \u0161alis, geografija plati: nuo Norvegijos \u0161iaur\u0117s bendrov\u0117s transporto mar\u0161rutai driekiasi Vidurio ir Piet\u0173 Europos keliais iki pat Italijos, Portugalijos ir Ispanijos \u017eemynin\u0117s dalies.<\/p>\n<p>Dalini\u0173 krovini\u0173 gabenim\u0105 pastoviais mar\u0161rutais, daugelyje Europos valstybi\u0173 \u201eJOMEIDA\u201c gali pasi\u016blyti konkurencingomis, palankiomis klientams kainomis. Kadangi dalini\u0173 krovini\u0173 gabenimas reikalauja tikslumo, tod\u0117l norint paskai\u010diuoti dalini\u0173 krovini\u0173 kain\u0105 labai svarb\u016bs yra tiksl\u016bs krovini\u0173 i\u0161matavimai.<\/p>\n<p>Standarti\u0161kai, autokeli\u0173 transporte skai\u010diuojama:<\/p>\n<ul>\n<li>1 Euro palet\u0117 (EPAL) \u2013 1200\u00d7800 mm, iki 740 kg \u2013 0,4 LDM (loading meter)<\/li>\n<li>1 suomi\u0161ka arba pramonin\u0117 palet\u0117 \u2013 1200 x 1000 mm, iki 925 kg \u2013 0,5 LDM (loading meter)<\/li>\n<li>1 cbm prilyginamas 333 kg<\/li>\n<li>1 pakrovimo metras (LDM) \u2013 1850 kg.<\/li>\n<\/ul>\n<p>Dalini\u0173 krovini\u0173 gabenimas pasi\u017eymi, tuo, kad skai\u010diuojant transportavimo kain\u0105 visada remiamasi didesniu parametru.<\/p>\n<p>Visuose \u012fmon\u0117s vilkikuose yra \u012fdiegta moderni navigacijos ir krovinio steb\u0117jijmo sistema, u\u017etikrinanti, kad krovinys ir transporto priemon\u0117 b\u016bt\u0173 nuolatos stebima. U\u017esakov\u0173 patogumui mes suteikiame ataskait\u0105 apie J\u016bs\u0173 krovinius Live re\u017eimu.<\/p>\n<p>\u201eJOMEIDA\u201c autotransportas Europos keliais gabena \u012fvairius krovinius: buitin\u0119 technik\u0105, statybines med\u017eiagas, medienos gaminius, negendan\u010dius maisto produktus.<\/p>\n<p>Bendradarbiaujame su ekspedicin\u0117mis kompanijomis, teikian\u010diomis muitin\u0117s ir kitas pasienio proced\u016br\u0173 paslaugas.[\/vc_column_text][\/vc_column][\/vc_row][vc_row][vc_column][\/vc_column][\/vc_row][vc_row][vc_column][\/vc_column][\/vc_row][vc_row][vc_column][\/vc_column][\/vc_row]<\/p>\n","protected":false},"excerpt":{"rendered":"<p>[vc_row][vc_column css=&#8221;.vc_custom_1721200874284{margin-top: -50px !important;}&#8221; col_shadow=&#8221;box_shadow_enable:disable|shadow_horizontal:0|shadow_vertical:15|shadow_blur:50|shadow_spread:0|box_shadow_color:rgba(0%2C0%2C0%2C0.35)&#8221; col_shadow_hover=&#8221;box_shadow_enable:disable|shadow_horizontal:0|shadow_vertical:15|shadow_blur:50|shadow_spread:0|box_shadow_color:rgba(0%2C0%2C0%2C0.35)&#8221;][vc_column_text]\u201eJOMEIDA\u201c UAB nuosavais vilkikais vykdo dalini\u0173 krovini\u0173 gabenimus (LTL) automobili\u0173 keliais Vakar\u0173 Europje. Bendrov\u0117s veiklos strategijoje daliniai kroviniai neu\u017eima pagrindinio autogabenim\u0173 srauto, ta\u010diau tai nerei\u0161kia,<\/p>\n","protected":false},"author":3,"featured_media":73,"parent":33,"menu_order":0,"comment_status":"closed","ping_status":"closed","template":"","meta":{"_monsterinsights_skip_tracking":false,"_monsterinsights_sitenote_active":false,"_monsterinsights_sitenote_note":"","_monsterinsights_sitenote_category":0,"footnotes":""},"yoast_head":"<!-- This site is optimized with the Yoast SEO plugin v23.0 - https:\/\/yoast.com\/wordpress\/plugins\/seo\/ -->\n<title>Dalini\u0173 krovini\u0173 (LTL) gabenimas Vakar\u0173 Europoje | JOMEIDA<\/title>\n<meta name=\"description\" content=\"\u201eJOMEIDA\u201c efektyvios dalini\u0173 krovini\u0173 (LTL) gabenimo paslaugos Europoje. U\u017etikriname laiku pristatomus krovinius naudodami savo puspriekabes.\" \/>\n<meta name=\"robots\" content=\"index, follow, max-snippet:-1, max-image-preview:large, max-video-preview:-1\" \/>\n<link rel=\"canonical\" href=\"https:\/\/jomeida.com\/lt\/kroviniu-gabenimo-paslaugos\/daliniai-kroviniai-ltl\/\" \/>\n<meta property=\"og:locale\" content=\"lt_LT\" \/>\n<meta property=\"og:type\" content=\"article\" \/>\n<meta property=\"og:title\" content=\"Dalini\u0173 krovini\u0173 (LTL) gabenimas Vakar\u0173 Europoje | JOMEIDA\" \/>\n<meta property=\"og:description\" content=\"\u201eJOMEIDA\u201c efektyvios dalini\u0173 krovini\u0173 (LTL) gabenimo paslaugos Europoje. U\u017etikriname laiku pristatomus krovinius naudodami savo puspriekabes.\" \/>\n<meta property=\"og:url\" content=\"https:\/\/jomeida.com\/lt\/kroviniu-gabenimo-paslaugos\/daliniai-kroviniai-ltl\/\" \/>\n<meta property=\"og:site_name\" content=\"JOMEIDA\" \/>\n<meta property=\"article:modified_time\" content=\"2024-07-24T10:33:59+00:00\" \/>\n<meta property=\"og:image\" content=\"https:\/\/jomeida.com\/wp-content\/uploads\/jomeida-kroviniu-gabenimas-autokeliais-automobiliu-transportas-puspriekabe-vakaru-europa-202008001.jpg\" \/>\n\t<meta property=\"og:image:width\" content=\"2048\" \/>\n\t<meta property=\"og:image:height\" content=\"1150\" \/>\n\t<meta property=\"og:image:type\" content=\"image\/jpeg\" \/>\n<meta name=\"twitter:card\" content=\"summary_large_image\" \/>\n<meta name=\"twitter:label1\" content=\"Est. reading time\" \/>\n\t<meta name=\"twitter:data1\" content=\"2 minut\u0117s\" \/>\n<script type=\"application\/ld+json\" class=\"yoast-schema-graph\">{\"@context\":\"https:\/\/schema.org\",\"@graph\":[{\"@type\":\"WebPage\",\"@id\":\"https:\/\/jomeida.com\/lt\/kroviniu-gabenimo-paslaugos\/daliniai-kroviniai-ltl\/\",\"url\":\"https:\/\/jomeida.com\/lt\/kroviniu-gabenimo-paslaugos\/daliniai-kroviniai-ltl\/\",\"name\":\"Dalini\u0173 krovini\u0173 (LTL) gabenimas Vakar\u0173 Europoje | JOMEIDA\",\"isPartOf\":{\"@id\":\"https:\/\/jomeida.com\/#website\"},\"primaryImageOfPage\":{\"@id\":\"https:\/\/jomeida.com\/lt\/kroviniu-gabenimo-paslaugos\/daliniai-kroviniai-ltl\/#primaryimage\"},\"image\":{\"@id\":\"https:\/\/jomeida.com\/lt\/kroviniu-gabenimo-paslaugos\/daliniai-kroviniai-ltl\/#primaryimage\"},\"thumbnailUrl\":\"https:\/\/jomeida.com\/wp-content\/uploads\/jomeida-kroviniu-gabenimas-autokeliais-automobiliu-transportas-puspriekabe-vakaru-europa-202008001.jpg\",\"datePublished\":\"2020-08-09T21:18:19+00:00\",\"dateModified\":\"2024-07-24T10:33:59+00:00\",\"description\":\"\u201eJOMEIDA\u201c efektyvios dalini\u0173 krovini\u0173 (LTL) gabenimo paslaugos Europoje. U\u017etikriname laiku pristatomus krovinius naudodami savo puspriekabes.\",\"breadcrumb\":{\"@id\":\"https:\/\/jomeida.com\/lt\/kroviniu-gabenimo-paslaugos\/daliniai-kroviniai-ltl\/#breadcrumb\"},\"inLanguage\":\"lt-LT\",\"potentialAction\":[{\"@type\":\"ReadAction\",\"target\":[\"https:\/\/jomeida.com\/lt\/kroviniu-gabenimo-paslaugos\/daliniai-kroviniai-ltl\/\"]}]},{\"@type\":\"ImageObject\",\"inLanguage\":\"lt-LT\",\"@id\":\"https:\/\/jomeida.com\/lt\/kroviniu-gabenimo-paslaugos\/daliniai-kroviniai-ltl\/#primaryimage\",\"url\":\"https:\/\/jomeida.com\/wp-content\/uploads\/jomeida-kroviniu-gabenimas-autokeliais-automobiliu-transportas-puspriekabe-vakaru-europa-202008001.jpg\",\"contentUrl\":\"https:\/\/jomeida.com\/wp-content\/uploads\/jomeida-kroviniu-gabenimas-autokeliais-automobiliu-transportas-puspriekabe-vakaru-europa-202008001.jpg\",\"width\":2048,\"height\":1150},{\"@type\":\"BreadcrumbList\",\"@id\":\"https:\/\/jomeida.com\/lt\/kroviniu-gabenimo-paslaugos\/daliniai-kroviniai-ltl\/#breadcrumb\",\"itemListElement\":[{\"@type\":\"ListItem\",\"position\":1,\"name\":\"Home\",\"item\":\"https:\/\/jomeida.com\/lt\/\"},{\"@type\":\"ListItem\",\"position\":2,\"name\":\"Kroviniu gabenimas autotransportu\",\"item\":\"https:\/\/jomeida.com\/lt\/kroviniu-gabenimo-paslaugos\/\"},{\"@type\":\"ListItem\",\"position\":3,\"name\":\"Dalini\u0173 krovini\u0173 gabenimas (LTL)\"}]},{\"@type\":\"WebSite\",\"@id\":\"https:\/\/jomeida.com\/#website\",\"url\":\"https:\/\/jomeida.com\/\",\"name\":\"JOMEIDA\",\"description\":\"Krovini\u0173 gabenimai Europoje\",\"publisher\":{\"@id\":\"https:\/\/jomeida.com\/#organization\"},\"potentialAction\":[{\"@type\":\"SearchAction\",\"target\":{\"@type\":\"EntryPoint\",\"urlTemplate\":\"https:\/\/jomeida.com\/?s={search_term_string}\"},\"query-input\":\"required name=search_term_string\"}],\"inLanguage\":\"lt-LT\"},{\"@type\":\"Organization\",\"@id\":\"https:\/\/jomeida.com\/#organization\",\"name\":\"JOMEIDA\",\"url\":\"https:\/\/jomeida.com\/\",\"logo\":{\"@type\":\"ImageObject\",\"inLanguage\":\"lt-LT\",\"@id\":\"https:\/\/jomeida.com\/#\/schema\/logo\/image\/\",\"url\":\"https:\/\/jomeida.com\/wp-content\/uploads\/jomeida-logo-500-000844.png\",\"contentUrl\":\"https:\/\/jomeida.com\/wp-content\/uploads\/jomeida-logo-500-000844.png\",\"width\":500,\"height\":181,\"caption\":\"JOMEIDA\"},\"image\":{\"@id\":\"https:\/\/jomeida.com\/#\/schema\/logo\/image\/\"}}]}<\/script>\n<!-- \/ Yoast SEO plugin. -->","yoast_head_json":{"title":"Dalini\u0173 krovini\u0173 (LTL) gabenimas Vakar\u0173 Europoje | JOMEIDA","description":"\u201eJOMEIDA\u201c efektyvios dalini\u0173 krovini\u0173 (LTL) gabenimo paslaugos Europoje. U\u017etikriname laiku pristatomus krovinius naudodami savo puspriekabes.","robots":{"index":"index","follow":"follow","max-snippet":"max-snippet:-1","max-image-preview":"max-image-preview:large","max-video-preview":"max-video-preview:-1"},"canonical":"https:\/\/jomeida.com\/lt\/kroviniu-gabenimo-paslaugos\/daliniai-kroviniai-ltl\/","og_locale":"lt_LT","og_type":"article","og_title":"Dalini\u0173 krovini\u0173 (LTL) gabenimas Vakar\u0173 Europoje | JOMEIDA","og_description":"\u201eJOMEIDA\u201c efektyvios dalini\u0173 krovini\u0173 (LTL) gabenimo paslaugos Europoje. U\u017etikriname laiku pristatomus krovinius naudodami savo puspriekabes.","og_url":"https:\/\/jomeida.com\/lt\/kroviniu-gabenimo-paslaugos\/daliniai-kroviniai-ltl\/","og_site_name":"JOMEIDA","article_modified_time":"2024-07-24T10:33:59+00:00","og_image":[{"width":2048,"height":1150,"url":"https:\/\/jomeida.com\/wp-content\/uploads\/jomeida-kroviniu-gabenimas-autokeliais-automobiliu-transportas-puspriekabe-vakaru-europa-202008001.jpg","type":"image\/jpeg"}],"twitter_card":"summary_large_image","twitter_misc":{"Est. reading time":"2 minut\u0117s"},"schema":{"@context":"https:\/\/schema.org","@graph":[{"@type":"WebPage","@id":"https:\/\/jomeida.com\/lt\/kroviniu-gabenimo-paslaugos\/daliniai-kroviniai-ltl\/","url":"https:\/\/jomeida.com\/lt\/kroviniu-gabenimo-paslaugos\/daliniai-kroviniai-ltl\/","name":"Dalini\u0173 krovini\u0173 (LTL) gabenimas Vakar\u0173 Europoje | JOMEIDA","isPartOf":{"@id":"https:\/\/jomeida.com\/#website"},"primaryImageOfPage":{"@id":"https:\/\/jomeida.com\/lt\/kroviniu-gabenimo-paslaugos\/daliniai-kroviniai-ltl\/#primaryimage"},"image":{"@id":"https:\/\/jomeida.com\/lt\/kroviniu-gabenimo-paslaugos\/daliniai-kroviniai-ltl\/#primaryimage"},"thumbnailUrl":"https:\/\/jomeida.com\/wp-content\/uploads\/jomeida-kroviniu-gabenimas-autokeliais-automobiliu-transportas-puspriekabe-vakaru-europa-202008001.jpg","datePublished":"2020-08-09T21:18:19+00:00","dateModified":"2024-07-24T10:33:59+00:00","description":"\u201eJOMEIDA\u201c efektyvios dalini\u0173 krovini\u0173 (LTL) gabenimo paslaugos Europoje. U\u017etikriname laiku pristatomus krovinius naudodami savo puspriekabes.","breadcrumb":{"@id":"https:\/\/jomeida.com\/lt\/kroviniu-gabenimo-paslaugos\/daliniai-kroviniai-ltl\/#breadcrumb"},"inLanguage":"lt-LT","potentialAction":[{"@type":"ReadAction","target":["https:\/\/jomeida.com\/lt\/kroviniu-gabenimo-paslaugos\/daliniai-kroviniai-ltl\/"]}]},{"@type":"ImageObject","inLanguage":"lt-LT","@id":"https:\/\/jomeida.com\/lt\/kroviniu-gabenimo-paslaugos\/daliniai-kroviniai-ltl\/#primaryimage","url":"https:\/\/jomeida.com\/wp-content\/uploads\/jomeida-kroviniu-gabenimas-autokeliais-automobiliu-transportas-puspriekabe-vakaru-europa-202008001.jpg","contentUrl":"https:\/\/jomeida.com\/wp-content\/uploads\/jomeida-kroviniu-gabenimas-autokeliais-automobiliu-transportas-puspriekabe-vakaru-europa-202008001.jpg","width":2048,"height":1150},{"@type":"BreadcrumbList","@id":"https:\/\/jomeida.com\/lt\/kroviniu-gabenimo-paslaugos\/daliniai-kroviniai-ltl\/#breadcrumb","itemListElement":[{"@type":"ListItem","position":1,"name":"Home","item":"https:\/\/jomeida.com\/lt\/"},{"@type":"ListItem","position":2,"name":"Kroviniu gabenimas autotransportu","item":"https:\/\/jomeida.com\/lt\/kroviniu-gabenimo-paslaugos\/"},{"@type":"ListItem","position":3,"name":"Dalini\u0173 krovini\u0173 gabenimas (LTL)"}]},{"@type":"WebSite","@id":"https:\/\/jomeida.com\/#website","url":"https:\/\/jomeida.com\/","name":"JOMEIDA","description":"Krovini\u0173 gabenimai Europoje","publisher":{"@id":"https:\/\/jomeida.com\/#organization"},"potentialAction":[{"@type":"SearchAction","target":{"@type":"EntryPoint","urlTemplate":"https:\/\/jomeida.com\/?s={search_term_string}"},"query-input":"required name=search_term_string"}],"inLanguage":"lt-LT"},{"@type":"Organization","@id":"https:\/\/jomeida.com\/#organization","name":"JOMEIDA","url":"https:\/\/jomeida.com\/","logo":{"@type":"ImageObject","inLanguage":"lt-LT","@id":"https:\/\/jomeida.com\/#\/schema\/logo\/image\/","url":"https:\/\/jomeida.com\/wp-content\/uploads\/jomeida-logo-500-000844.png","contentUrl":"https:\/\/jomeida.com\/wp-content\/uploads\/jomeida-logo-500-000844.png","width":500,"height":181,"caption":"JOMEIDA"},"image":{"@id":"https:\/\/jomeida.com\/#\/schema\/logo\/image\/"}}]}},"_links":{"self":[{"href":"https:\/\/jomeida.com\/lt\/wp-json\/wp\/v2\/pages\/81"}],"collection":[{"href":"https:\/\/jomeida.com\/lt\/wp-json\/wp\/v2\/pages"}],"about":[{"href":"https:\/\/jomeida.com\/lt\/wp-json\/wp\/v2\/types\/page"}],"author":[{"embeddable":true,"href":"https:\/\/jomeida.com\/lt\/wp-json\/wp\/v2\/users\/3"}],"replies":[{"embeddable":true,"href":"https:\/\/jomeida.com\/lt\/wp-json\/wp\/v2\/comments?post=81"}],"version-history":[{"count":10,"href":"https:\/\/jomeida.com\/lt\/wp-json\/wp\/v2\/pages\/81\/revisions"}],"predecessor-version":[{"id":980,"href":"https:\/\/jomeida.com\/lt\/wp-json\/wp\/v2\/pages\/81\/revisions\/980"}],"up":[{"embeddable":true,"href":"https:\/\/jomeida.com\/lt\/wp-json\/wp\/v2\/pages\/33"}],"wp:featuredmedia":[{"embeddable":true,"href":"https:\/\/jomeida.com\/lt\/wp-json\/wp\/v2\/media\/73"}],"wp:attachment":[{"href":"https:\/\/jomeida.com\/lt\/wp-json\/wp\/v2\/media?parent=81"}],"curies":[{"name":"wp","href":"https:\/\/api.w.org\/{rel}","templated":true}]}}