{"id":96,"date":"2020-08-10T04:24:11","date_gmt":"2020-08-10T06:24:11","guid":{"rendered":"https:\/\/jomeida.com\/?page_id=96"},"modified":"2024-07-18T08:54:25","modified_gmt":"2024-07-18T10:54:25","slug":"titulinis","status":"publish","type":"page","link":"https:\/\/jomeida.com\/lt\/","title":{"rendered":"Pagrindinis"},"content":{"rendered":"<p>[vc_row][vc_column css=&#8221;.vc_custom_1721200723289{margin-top: -50px !important;}&#8221; col_shadow=&#8221;box_shadow_enable:disable|shadow_horizontal:0|shadow_vertical:15|shadow_blur:50|shadow_spread:0|box_shadow_color:rgba(0%2C0%2C0%2C0.35)&#8221; col_shadow_hover=&#8221;box_shadow_enable:disable|shadow_horizontal:0|shadow_vertical:15|shadow_blur:50|shadow_spread:0|box_shadow_color:rgba(0%2C0%2C0%2C0.35)&#8221;]<div class=\"dfd-heading-shortcode\"><div class=\"dfd-heading-module-wrap  text-center style_01 dfd-heading-69e4c72501cf0 dfd-disable-resposive-headings\" id=\"dfd-heading-69e4c72501cf0\" ><div class=\"inline-block\"><div class=\"dfd-heading-module\"><h1 class=\"widget-title dfd-title \" style=\"font-family:Open Sans; font-weight:600; font-style:normal; font-size: 42px; line-height: 57px; letter-spacing: 0.8px; \">Punktual\u016bs, Atid\u016bs, Lankst\u016bs<\/h1><div class=\"dfd-heading-delimiter\"><\/div><\/div><\/div><\/div><script type=\"text\/javascript\">\r\n\t\t\t\t\t\t\t\t\t(function($) {\r\n\t\t\t\t\t\t\t\t\t\t$(\"head\").append(\"<style>.dfd-heading-69e4c72501cf0.dfd-heading-module-wrap .dfd-heading-module .dfd-heading-delimiter {border-bottom-style:solid;border-bottom-width:1px;width:100px;border-bottom-color:#dddddd;}.dfd-heading-69e4c72501cf0 .dfd-heading-module .widget-title {margin-top:16px;margin-bottom:16px;}.dfd-heading-69e4c72501cf0.dfd-heading-module-wrap .dfd-heading-module .dfd-heading-delimiter {margin-top:10px;margin-bottom:10px;}<\/style>\");\r\n\t\t\t\t\t\t\t\t\t})(jQuery);\r\n\t\t\t\t\t\t\t\t<\/script><\/div>[vc_column_text]\u201eJOMEIDA\u201c UAB \u012fkurta 2019 m. Lietuvoje. \u012emon\u0117s vadov\u0173, transporto, logistikos vadybinink\u0173 ir tolim\u0173j\u0173 reis\u0173 vairuotoj\u0173 sukaupta patirtis leid\u017eia s\u0117kmingai vystyti veikl\u0105. Savalaikius krovini\u0173 gabenimus tentin\u0117mis puspriekab\u0117mis tarptautiniais mar\u0161rutais u\u017etikrina moderni\u0173 vilkik\u0173 parkas, naudojama technin\u0117 ir programin\u0117 ry\u0161io \u012franga. Kiekvienoje u\u017esakymo vykdymo grandyje svarbus faktorius \u2013 motyvuoti ir pareigingi vairuotojai, ekspeditoriai, logistai.[\/vc_column_text][\/vc_column][\/vc_row][vc_row][vc_column][vc_empty_space][\/vc_column][\/vc_row][vc_row dfd_row_responsive_enable=&#8221;dfd-row-responsive-enable&#8221; responsive_styles=&#8221;padding_left_desktop:0&#8243;][vc_column]<div class=\"dfd-info-banner style-06 info-banner-2 text-center\" ><div class=\"image-cover \"><img loading=\"lazy\" decoding=\"async\" src=\"https:\/\/jomeida.com\/wp-content\/uploads\/jomeida-kroviniu-gabenimas-autokeliai-automobiliu-transportas-puspriekabe-tentas-vakaru-europa-1-modified-880x587.png\" alt=\"jomeida cargo transport\"  width=\"880\" height=\"587\" class=\"info-banner-image \" \/><\/div><div class=\"content-wrap\"><h2 class=\"info-box-title \" style=\"font-family:Open Sans; font-weight:400; font-style:normal; font-size: 38px; color: #dd6b33 !important; line-height: 40px; letter-spacing: 0.8px; \">Krovini\u0173 gabenimas<\/h2><h5 class=\"info-box-subtitle widget-sub-title \" style=\"font-family:Open Sans; font-weight:400; font-style:normal; font-size: 20px; color: #000844 !important; line-height: 24px; letter-spacing: 0.8px; \">Pilni (FTL) ir Daliniai (LTL) kroviniai<\/h5><div class=\"wrap-delimiter\"><div class=\"delimiter\" ><\/div><\/div><div class=\"description\" style=\"font-size: 16px; line-height: 28px; \">Bendrov\u0117s transporto mar\u0161rutai driekiasi kontinentin\u0117je Europoje: nuo Norvegijos \u0161iaur\u0117je, Danijos, Beneliukso, Vokietijos, Pranc\u016bzijos automobili\u0173 keliais iki Portugalijos, Ispanijos ir Italijos pietuose.<\/div><\/div><a href=\"https:\/\/jomeida.com\/kroviniu-gabenimas-autotransportu\/\" title=\"Krovini\u0173 gabenimas Europoje\"  class=\"full-box-link\"><\/a><\/div>[\/vc_column][\/vc_row][vc_row][vc_column]<div class=\"dfd-heading-shortcode\"><div class=\"dfd-heading-module-wrap  text-center style_01 dfd-heading-69e4c725026ab dfd-disable-resposive-headings\" id=\"dfd-heading-69e4c725026ab\" ><div class=\"inline-block\"><div class=\"dfd-heading-module\"><h2 class=\"widget-title dfd-title \" style=\"font-family:Open Sans; font-weight:600; font-style:normal; font-size: 42px; line-height: 57px; letter-spacing: 0.8px; \"><\/p>\n<p style=\"text-align: left;\">Veiklos \u0161alys Europoje<\/p>\n<p><\/h2><div class=\"dfd-heading-delimiter\"><\/div><\/div><\/div><\/div><script type=\"text\/javascript\">\r\n\t\t\t\t\t\t\t\t\t(function($) {\r\n\t\t\t\t\t\t\t\t\t\t$(\"head\").append(\"<style>.dfd-heading-69e4c725026ab.dfd-heading-module-wrap .dfd-heading-module .dfd-heading-delimiter {border-bottom-style:solid;border-bottom-width:1px;width:100px;border-bottom-color:#dddddd;}.dfd-heading-69e4c725026ab .dfd-heading-module .widget-title {margin-top:16px;margin-bottom:16px;}.dfd-heading-69e4c725026ab.dfd-heading-module-wrap .dfd-heading-module .dfd-heading-delimiter {margin-top:10px;margin-bottom:10px;}<\/style>\");\r\n\t\t\t\t\t\t\t\t\t})(jQuery);\r\n\t\t\t\t\t\t\t\t<\/script><\/div>[\/vc_column][\/vc_row][vc_row][vc_column][vc_column_text]Bendrov\u0117 JOMEIDA nuosavu transportu vykdo krovini\u0173 gabenimus automobili\u0173 keliais EEE \u0161alyse: nuo Suomijos Europos \u0161iaur\u0117je per Baltijos valstybes iki pat Piet\u0173 Europos \u0161ali\u0173. Krovininio transporto reisai vykdomi:[\/vc_column_text][\/vc_column][\/vc_row][vc_row][vc_column width=&#8221;1\/12&#8243; col_shadow=&#8221;box_shadow_enable:disable|shadow_horizontal:0|shadow_vertical:15|shadow_blur:50|shadow_spread:0|box_shadow_color:rgba(0%2C0%2C0%2C0.35)&#8221; col_shadow_hover=&#8221;box_shadow_enable:disable|shadow_horizontal:0|shadow_vertical:15|shadow_blur:50|shadow_spread:0|box_shadow_color:rgba(0%2C0%2C0%2C0.35)&#8221; offset=&#8221;vc_col-lg-offset-1 vc_col-lg-2 vc_col-md-offset-1 vc_col-md-2 vc_col-sm-offset-1 vc_col-xs-offset-2 vc_col-xs-3&#8243;][vc_empty_space height=&#8221;16px&#8221;][vc_column_text]Norvegija<\/p>\n<p>Suomija<\/p>\n<p>\u0160vedija<\/p>\n<p>Danija[\/vc_column_text][\/vc_column][vc_column width=&#8221;1\/12&#8243; offset=&#8221;vc_col-lg-offset-1 vc_col-lg-2 vc_col-md-offset-1 vc_col-md-2 vc_col-xs-offset-2 vc_col-xs-5&#8243; col_shadow=&#8221;box_shadow_enable:disable|shadow_horizontal:0|shadow_vertical:15|shadow_blur:50|shadow_spread:0|box_shadow_color:rgba(0%2C0%2C0%2C0.35)&#8221; col_shadow_hover=&#8221;box_shadow_enable:disable|shadow_horizontal:0|shadow_vertical:15|shadow_blur:50|shadow_spread:0|box_shadow_color:rgba(0%2C0%2C0%2C0.35)&#8221;][vc_empty_space height=&#8221;16px&#8221;][vc_column_text]Austrija<\/p>\n<p>Belgija<\/p>\n<p>Nyderlandai<\/p>\n<p>Liuksemburgas[\/vc_column_text][\/vc_column][vc_column width=&#8221;1\/12&#8243; offset=&#8221;vc_col-lg-offset-1 vc_col-lg-2 vc_col-md-offset-1 vc_col-md-2 vc_col-sm-offset-1 vc_col-xs-offset-2 vc_col-xs-3&#8243; col_shadow=&#8221;box_shadow_enable:disable|shadow_horizontal:0|shadow_vertical:15|shadow_blur:50|shadow_spread:0|box_shadow_color:rgba(0%2C0%2C0%2C0.35)&#8221; col_shadow_hover=&#8221;box_shadow_enable:disable|shadow_horizontal:0|shadow_vertical:15|shadow_blur:50|shadow_spread:0|box_shadow_color:rgba(0%2C0%2C0%2C0.35)&#8221;][vc_empty_space height=&#8221;16px&#8221;][vc_column_text]Vokietija<\/p>\n<p>Pranc\u016bzija<\/p>\n<p>Ispanija<\/p>\n<p>Portugalija<\/p>\n<p>Italija[\/vc_column_text][\/vc_column][vc_column width=&#8221;1\/12&#8243; offset=&#8221;vc_col-lg-offset-1 vc_col-lg-2 vc_col-md-offset-1 vc_col-md-2 vc_col-xs-offset-2 vc_col-xs-5&#8243; col_shadow=&#8221;box_shadow_enable:disable|shadow_horizontal:0|shadow_vertical:15|shadow_blur:50|shadow_spread:0|box_shadow_color:rgba(0%2C0%2C0%2C0.35)&#8221; col_shadow_hover=&#8221;box_shadow_enable:disable|shadow_horizontal:0|shadow_vertical:15|shadow_blur:50|shadow_spread:0|box_shadow_color:rgba(0%2C0%2C0%2C0.35)&#8221;][vc_empty_space height=&#8221;16px&#8221;][vc_column_text]Lenkija<\/p>\n<p>\u010cekija<\/p>\n<p>Slovakija<\/p>\n<p>Slov\u0117nija[\/vc_column_text][\/vc_column][\/vc_row]<\/p>\n","protected":false},"excerpt":{"rendered":"<p>[vc_row][vc_column css=&#8221;.vc_custom_1721200723289{margin-top: -50px !important;}&#8221; col_shadow=&#8221;box_shadow_enable:disable|shadow_horizontal:0|shadow_vertical:15|shadow_blur:50|shadow_spread:0|box_shadow_color:rgba(0%2C0%2C0%2C0.35)&#8221; col_shadow_hover=&#8221;box_shadow_enable:disable|shadow_horizontal:0|shadow_vertical:15|shadow_blur:50|shadow_spread:0|box_shadow_color:rgba(0%2C0%2C0%2C0.35)&#8221;][vc_column_text]\u201eJOMEIDA\u201c UAB \u012fkurta 2019 m. Lietuvoje. \u012emon\u0117s vadov\u0173, transporto, logistikos vadybinink\u0173 ir tolim\u0173j\u0173 reis\u0173 vairuotoj\u0173 sukaupta patirtis leid\u017eia s\u0117kmingai vystyti veikl\u0105. Savalaikius krovini\u0173 gabenimus tentin\u0117mis<\/p>\n","protected":false},"author":3,"featured_media":0,"parent":0,"menu_order":0,"comment_status":"closed","ping_status":"closed","template":"","meta":{"_monsterinsights_skip_tracking":false,"_monsterinsights_sitenote_active":false,"_monsterinsights_sitenote_note":"","_monsterinsights_sitenote_category":0,"footnotes":""},"yoast_head":"<!-- This site is optimized with the Yoast SEO plugin v23.0 - https:\/\/yoast.com\/wordpress\/plugins\/seo\/ -->\n<title>Patikimas krovini\u0173 transportas Europoje - JOMEIDA<\/title>\n<meta name=\"description\" content=\"\u201eJOMEIDA\u201c si\u016blo krovini\u0173 transport\u0105 EEA \u0161alyse. M\u016bs\u0173 modernus transporto parkas ir patyrusi komanda u\u017etikrina laiku pristatomus krovinius.\" \/>\n<meta name=\"robots\" content=\"index, follow, max-snippet:-1, max-image-preview:large, max-video-preview:-1\" \/>\n<link rel=\"canonical\" href=\"https:\/\/jomeida.com\/lt\/\" \/>\n<meta property=\"og:locale\" content=\"lt_LT\" \/>\n<meta property=\"og:type\" content=\"article\" \/>\n<meta property=\"og:title\" content=\"Patikimas krovini\u0173 transportas Europoje - JOMEIDA\" \/>\n<meta property=\"og:description\" content=\"\u201eJOMEIDA\u201c si\u016blo krovini\u0173 transport\u0105 EEA \u0161alyse. M\u016bs\u0173 modernus transporto parkas ir patyrusi komanda u\u017etikrina laiku pristatomus krovinius.\" \/>\n<meta property=\"og:url\" content=\"https:\/\/jomeida.com\/lt\/\" \/>\n<meta property=\"og:site_name\" content=\"JOMEIDA\" \/>\n<meta property=\"article:modified_time\" content=\"2024-07-18T10:54:25+00:00\" \/>\n<meta name=\"twitter:card\" content=\"summary_large_image\" \/>\n<meta name=\"twitter:label1\" content=\"Est. reading time\" \/>\n\t<meta name=\"twitter:data1\" content=\"2 minut\u0117s\" \/>\n<script type=\"application\/ld+json\" class=\"yoast-schema-graph\">{\"@context\":\"https:\/\/schema.org\",\"@graph\":[{\"@type\":\"WebPage\",\"@id\":\"https:\/\/jomeida.com\/lt\/\",\"url\":\"https:\/\/jomeida.com\/lt\/\",\"name\":\"Patikimas krovini\u0173 transportas Europoje - JOMEIDA\",\"isPartOf\":{\"@id\":\"https:\/\/jomeida.com\/#website\"},\"datePublished\":\"2020-08-10T06:24:11+00:00\",\"dateModified\":\"2024-07-18T10:54:25+00:00\",\"description\":\"\u201eJOMEIDA\u201c si\u016blo krovini\u0173 transport\u0105 EEA \u0161alyse. M\u016bs\u0173 modernus transporto parkas ir patyrusi komanda u\u017etikrina laiku pristatomus krovinius.\",\"breadcrumb\":{\"@id\":\"https:\/\/jomeida.com\/lt\/#breadcrumb\"},\"inLanguage\":\"lt-LT\",\"potentialAction\":[{\"@type\":\"ReadAction\",\"target\":[\"https:\/\/jomeida.com\/lt\/\"]}]},{\"@type\":\"BreadcrumbList\",\"@id\":\"https:\/\/jomeida.com\/lt\/#breadcrumb\",\"itemListElement\":[{\"@type\":\"ListItem\",\"position\":1,\"name\":\"Home\",\"item\":\"https:\/\/jomeida.com\/lt\/\"},{\"@type\":\"ListItem\",\"position\":2,\"name\":\"Pagrindinis\"}]},{\"@type\":\"WebSite\",\"@id\":\"https:\/\/jomeida.com\/#website\",\"url\":\"https:\/\/jomeida.com\/\",\"name\":\"JOMEIDA\",\"description\":\"Krovini\u0173 gabenimai Europoje\",\"publisher\":{\"@id\":\"https:\/\/jomeida.com\/#organization\"},\"potentialAction\":[{\"@type\":\"SearchAction\",\"target\":{\"@type\":\"EntryPoint\",\"urlTemplate\":\"https:\/\/jomeida.com\/?s={search_term_string}\"},\"query-input\":\"required name=search_term_string\"}],\"inLanguage\":\"lt-LT\"},{\"@type\":\"Organization\",\"@id\":\"https:\/\/jomeida.com\/#organization\",\"name\":\"JOMEIDA\",\"url\":\"https:\/\/jomeida.com\/\",\"logo\":{\"@type\":\"ImageObject\",\"inLanguage\":\"lt-LT\",\"@id\":\"https:\/\/jomeida.com\/#\/schema\/logo\/image\/\",\"url\":\"https:\/\/jomeida.com\/wp-content\/uploads\/jomeida-logo-500-000844.png\",\"contentUrl\":\"https:\/\/jomeida.com\/wp-content\/uploads\/jomeida-logo-500-000844.png\",\"width\":500,\"height\":181,\"caption\":\"JOMEIDA\"},\"image\":{\"@id\":\"https:\/\/jomeida.com\/#\/schema\/logo\/image\/\"}}]}<\/script>\n<!-- \/ Yoast SEO plugin. -->","yoast_head_json":{"title":"Patikimas krovini\u0173 transportas Europoje - JOMEIDA","description":"\u201eJOMEIDA\u201c si\u016blo krovini\u0173 transport\u0105 EEA \u0161alyse. M\u016bs\u0173 modernus transporto parkas ir patyrusi komanda u\u017etikrina laiku pristatomus krovinius.","robots":{"index":"index","follow":"follow","max-snippet":"max-snippet:-1","max-image-preview":"max-image-preview:large","max-video-preview":"max-video-preview:-1"},"canonical":"https:\/\/jomeida.com\/lt\/","og_locale":"lt_LT","og_type":"article","og_title":"Patikimas krovini\u0173 transportas Europoje - JOMEIDA","og_description":"\u201eJOMEIDA\u201c si\u016blo krovini\u0173 transport\u0105 EEA \u0161alyse. M\u016bs\u0173 modernus transporto parkas ir patyrusi komanda u\u017etikrina laiku pristatomus krovinius.","og_url":"https:\/\/jomeida.com\/lt\/","og_site_name":"JOMEIDA","article_modified_time":"2024-07-18T10:54:25+00:00","twitter_card":"summary_large_image","twitter_misc":{"Est. reading time":"2 minut\u0117s"},"schema":{"@context":"https:\/\/schema.org","@graph":[{"@type":"WebPage","@id":"https:\/\/jomeida.com\/lt\/","url":"https:\/\/jomeida.com\/lt\/","name":"Patikimas krovini\u0173 transportas Europoje - JOMEIDA","isPartOf":{"@id":"https:\/\/jomeida.com\/#website"},"datePublished":"2020-08-10T06:24:11+00:00","dateModified":"2024-07-18T10:54:25+00:00","description":"\u201eJOMEIDA\u201c si\u016blo krovini\u0173 transport\u0105 EEA \u0161alyse. M\u016bs\u0173 modernus transporto parkas ir patyrusi komanda u\u017etikrina laiku pristatomus krovinius.","breadcrumb":{"@id":"https:\/\/jomeida.com\/lt\/#breadcrumb"},"inLanguage":"lt-LT","potentialAction":[{"@type":"ReadAction","target":["https:\/\/jomeida.com\/lt\/"]}]},{"@type":"BreadcrumbList","@id":"https:\/\/jomeida.com\/lt\/#breadcrumb","itemListElement":[{"@type":"ListItem","position":1,"name":"Home","item":"https:\/\/jomeida.com\/lt\/"},{"@type":"ListItem","position":2,"name":"Pagrindinis"}]},{"@type":"WebSite","@id":"https:\/\/jomeida.com\/#website","url":"https:\/\/jomeida.com\/","name":"JOMEIDA","description":"Krovini\u0173 gabenimai Europoje","publisher":{"@id":"https:\/\/jomeida.com\/#organization"},"potentialAction":[{"@type":"SearchAction","target":{"@type":"EntryPoint","urlTemplate":"https:\/\/jomeida.com\/?s={search_term_string}"},"query-input":"required name=search_term_string"}],"inLanguage":"lt-LT"},{"@type":"Organization","@id":"https:\/\/jomeida.com\/#organization","name":"JOMEIDA","url":"https:\/\/jomeida.com\/","logo":{"@type":"ImageObject","inLanguage":"lt-LT","@id":"https:\/\/jomeida.com\/#\/schema\/logo\/image\/","url":"https:\/\/jomeida.com\/wp-content\/uploads\/jomeida-logo-500-000844.png","contentUrl":"https:\/\/jomeida.com\/wp-content\/uploads\/jomeida-logo-500-000844.png","width":500,"height":181,"caption":"JOMEIDA"},"image":{"@id":"https:\/\/jomeida.com\/#\/schema\/logo\/image\/"}}]}},"_links":{"self":[{"href":"https:\/\/jomeida.com\/lt\/wp-json\/wp\/v2\/pages\/96"}],"collection":[{"href":"https:\/\/jomeida.com\/lt\/wp-json\/wp\/v2\/pages"}],"about":[{"href":"https:\/\/jomeida.com\/lt\/wp-json\/wp\/v2\/types\/page"}],"author":[{"embeddable":true,"href":"https:\/\/jomeida.com\/lt\/wp-json\/wp\/v2\/users\/3"}],"replies":[{"embeddable":true,"href":"https:\/\/jomeida.com\/lt\/wp-json\/wp\/v2\/comments?post=96"}],"version-history":[{"count":87,"href":"https:\/\/jomeida.com\/lt\/wp-json\/wp\/v2\/pages\/96\/revisions"}],"predecessor-version":[{"id":975,"href":"https:\/\/jomeida.com\/lt\/wp-json\/wp\/v2\/pages\/96\/revisions\/975"}],"wp:attachment":[{"href":"https:\/\/jomeida.com\/lt\/wp-json\/wp\/v2\/media?parent=96"}],"curies":[{"name":"wp","href":"https:\/\/api.w.org\/{rel}","templated":true}]}}